{"id":4602,"date":"2025-07-22T16:08:30","date_gmt":"2025-07-22T16:08:30","guid":{"rendered":"https:\/\/valverdetortuguero.com\/guest-info\/"},"modified":"2025-08-08T21:27:01","modified_gmt":"2025-08-08T21:27:01","slug":"guest-info","status":"publish","type":"page","link":"https:\/\/valverdetortuguero.com\/fr\/guest-info\/","title":{"rendered":"Guest-info"},"content":{"rendered":"\n<div class=\"wp-block-uagb-container uagb-block-cca0bfcd alignfull uagb-is-root-container\"><div class=\"uagb-container-inner-blocks-wrap\">\n<div class=\"wp-block-cover alignfull has-parallax wp-duotone-unset-1\" style=\"margin-top:0;padding-top:48px;padding-right:48px;padding-bottom:48px;padding-left:48px;min-height:66vh;aspect-ratio:unset;\"><div role=\"img\" aria-label=\"Vista a\u00e9rea Valverde Glamping &amp; Ecolodge\" class=\"wp-block-cover__image-background wp-image-4556 size-full has-parallax\" style=\"background-position:50% 50%;background-image:url(https:\/\/valverdetortuguero.com\/wp-content\/uploads\/2025\/06\/Aerea-desde-atras-horizontal-scaled.jpeg)\"><\/div><span aria-hidden=\"true\" class=\"wp-block-cover__background has-background-dim-30 has-background-dim\" style=\"background-color:#688480\"><\/span><div class=\"wp-block-cover__inner-container is-layout-flow wp-block-cover-is-layout-flow\">\n<div class=\"wp-block-group is-content-justification-left is-layout-constrained wp-container-core-group-is-layout-c14b6166 wp-block-group-is-layout-constrained\">\n<h1 class=\"wp-block-heading has-text-align-center has-white-color has-text-color\" style=\"font-size:40px;font-style:normal;font-weight:700;letter-spacing:0px;line-height:1;text-transform:none\">BIENVENUE \u00e0<br\/>Valverde Glamping &amp; Ecolodge  <\/h1>\n<\/div>\n\n\n\n<p class=\"has-text-align-center has-ast-global-color-5-color has-text-color has-link-color wp-elements-8e3545ba56f7815dfa9926b8fea9542e\">Tout ce que vous devez savoir pour pr\u00e9parer votre s\u00e9jour<\/p>\n<\/div><\/div>\n<\/div><\/div>\n\n<p><\/p>\n\n<div class=\"wp-block-uagb-container uagb-block-b16d642e alignfull uagb-is-root-container\"><div class=\"uagb-container-inner-blocks-wrap\">\n<h2 class=\"wp-block-heading has-text-align-center\">Se rendre \u00e0 Tortuguero<\/h2>\n<\/div><\/div>\n\n<p class=\"has-text-align-center\">Merci d&rsquo;avoir choisi de s\u00e9journer avec nous \u00e0 Valverde Glamping &amp; Ecolodge &#8211; nous sommes ravis de vous accueillir \u00e0 Tortuguero !<br\/>Vous trouverez ci-dessous toutes les informations essentielles pour vous aider \u00e0 pr\u00e9parer votre visite et \u00e0 profiter au maximum de votre s\u00e9jour.<br\/>Valverde est situ\u00e9 \u00e0 l&rsquo;int\u00e9rieur du parc national de Tortuguero et n&rsquo;est accessible que par bateau. Voici tout ce que vous devez savoir \u00e0 l&rsquo;avance pour planifier votre voyage \u00e9tape par \u00e9tape :<br\/>\ud83d\udc49 Pour obtenir des indications sur l&#8217;embarcad\u00e8re de La Pavona, <a href=\"https:\/\/maps.app.goo.gl\/GYKo5hPv2hC2m5g2A\">CLIQUEZ ICI<\/a> <\/p>\n\n<div class=\"wp-block-uagb-advanced-heading uagb-block-bdcb6877\"><h2 class=\"uagb-heading-text\">\ud83c\udd7f\ufe0f Parking \u00e0 La Pavona<\/h2><\/div>\n\n<p>Si vous \u00eates en voiture, nous vous recommandons de vous garer aupr\u00e8s d&rsquo;un partenaire de confiance \u00e0 La Pavona :<\/p>\n\n<div class=\"wp-block-buttons is-content-justification-left is-layout-flex wp-container-core-buttons-is-layout-fc4fd283 wp-block-buttons-is-layout-flex\">\n<div class=\"wp-block-button\"><a class=\"wp-block-button__link has-text-align-center wp-element-button\" href=\"https:\/\/book.peek.com\/s\/0de9be3e-e573-4559-8890-756e5fa8648a\/XRE6X\" target=\"_blank\" rel=\"noreferrer noopener\">R\u00e9servez votre place de parking ici<\/a><\/div>\n<\/div>\n\n<p>Le terrain est g\u00e9r\u00e9 par une soci\u00e9t\u00e9 tierce et offre une s\u00e9curit\u00e9 24h\/24 et 7j\/7, des toilettes et un acc\u00e8s direct au quai d&#8217;embarcation.<\/p>\n\n<div class=\"wp-block-uagb-advanced-heading uagb-block-7d359255\"><h2 class=\"uagb-heading-text\">\ud83d\udea4 Transfert en bateau de La Pavona \u00e0 Valverde<\/h2><\/div>\n\n<p>Si vous r\u00e9servez votre billet de bateau sur notre site Internet, votre transfert comprend le transport jusqu&rsquo;au quai priv\u00e9 de Valverde, sans qu&rsquo;il soit n\u00e9cessaire de coordonner des taxis suppl\u00e9mentaires.<\/p>\n\n<div class=\"wp-block-uagb-buttons uagb-buttons__outer-wrap uagb-btn__default-btn uagb-btn-tablet__default-btn uagb-btn-mobile__default-btn uagb-block-4b89710d\"><div class=\"uagb-buttons__wrap uagb-buttons-layout-wrap \">\n<div class=\"wp-block-uagb-buttons-child uagb-buttons__outer-wrap uagb-block-a4b8c37e wp-block-button\"><div class=\"uagb-button__wrapper\"><a class=\"uagb-buttons-repeater wp-block-button__link\" aria-label=\"\" href=\"https:\/\/book.peek.com\/s\/0de9be3e-e573-4559-8890-756e5fa8648a\/y0OXW\" rel=\"follow noopener\" target=\"_blank\" role=\"button\"><div class=\"uagb-button__link\">R\u00e9servez votre transfert en bateau<\/div><\/a><\/div><\/div>\n<\/div><\/div>\n\n<p>C&rsquo;est l&rsquo;option la plus pratique et la plus directe.<\/p>\n\n<div class=\"wp-block-uagb-advanced-heading uagb-block-7317862c\"><h2 class=\"uagb-heading-text\">Transferts gratuits vers\/depuis le village de Tortuguero (pour les invit\u00e9s)<\/h2><\/div>\n\n<p>Une fois que vous \u00eates \u00e0 Valverde, nous offrons des transferts gratuits en bateau entre le lodge et le village de Tortuguero aux heures suivantes :<br\/>* 11:00<br\/>* 15:00<br\/>* 17.00<br\/>En dehors de ces heures, vous pouvez utiliser un taxi fluvial local pour 4 $ par personne (aller simple). Notre \u00e9quipe \u00e0 la r\u00e9ception peut vous aider.   <\/p>\n\n<div class=\"wp-block-uagb-advanced-heading uagb-block-08835e90\"><h2 class=\"uagb-heading-text\">\ud83c\udf3f Tours et exp\u00e9riences<\/h2><\/div>\n\n<p>Explorez la faune et les voies navigables de Tortuguero gr\u00e2ce \u00e0 nos exp\u00e9riences guid\u00e9es, parfaites pour les couples, les familles et les amoureux de la nature.<\/p>\n\n<div class=\"wp-block-uagb-buttons uagb-buttons__outer-wrap uagb-btn__default-btn uagb-btn-tablet__default-btn uagb-btn-mobile__default-btn uagb-block-c78e485a\"><div class=\"uagb-buttons__wrap uagb-buttons-layout-wrap \">\n<div class=\"wp-block-uagb-buttons-child uagb-buttons__outer-wrap uagb-block-6056045b wp-block-button\"><div class=\"uagb-button__wrapper\"><a class=\"uagb-buttons-repeater wp-block-button__link\" aria-label=\"\" href=\"https:\/\/valverdetortuguero.com\/experiences\/\" rel=\"follow noopener\" target=\"_blank\" role=\"button\"><div class=\"uagb-button__link\">D\u00e9couvrez nos circuits<\/div><\/a><\/div><\/div>\n<\/div><\/div>\n\n<p>Nous vous recommandons de vous y prendre \u00e0 l&rsquo;avance, surtout pendant la saison de nidification des tortues.<\/p>\n\n<div class=\"wp-block-uagb-advanced-heading uagb-block-1edbd69a\"><h2 class=\"uagb-heading-text\">\ud83c\udf7d\ufe0f Foire aux questions<\/h2><\/div>\n\n<div style=\"height:27px\" aria-hidden=\"true\" class=\"wp-block-spacer\"><\/div>\n\n<p><strong>Petit-d\u00e9jeuner :<\/strong> Inclus et servi de 6h30 \u00e0 9h30. Comprend un plat par personne. Plats suppl\u00e9mentaires : 10 $ chacun.    <br\/>&#8211; Si vous avez r\u00e9serv\u00e9 une excursion avec nous qui part \u00e0 6h00, nous vous pr\u00e9parerons du caf\u00e9 ou du th\u00e9 et des biscuits avant le d\u00e9part (vers 5h45), et vous reviendrez au lodge vers 8h30, \u00e0 temps pour le petit-d\u00e9jeuner.<br\/>&#8211; Si vous avez r\u00e9serv\u00e9 votre excursion aupr\u00e8s d&rsquo;une autre compagnie, assurez-vous qu&rsquo;elle vous ram\u00e8ne au lodge avant 9h30 afin de ne pas manquer le petit-d\u00e9jeuner.<br\/>&#8211; Veuillez noter que nous ne pr\u00e9parons pas de petit-d\u00e9jeuner \u00e0 emporter.<\/p>\n\n<p><strong>D\u00e9jeuner et d\u00eener :<\/strong><br\/>Nous proposons un service de d\u00e9jeuner et de d\u00eener avec un menu fixe.<br\/>Les repas doivent \u00eatre r\u00e9serv\u00e9s au moins une heure \u00e0 l&rsquo;avance.<br\/>Pour une meilleure exp\u00e9rience, nous vous encourageons \u00e0 commander \u00e0 l&rsquo;avance.<br\/>Vous trouverez un code QR dans votre chambre pour acc\u00e9der au menu.<br\/>Le restaurant sert le d\u00e9jeuner et le d\u00eener tous les jours de 12 h \u00e0 21 h 30.<\/p>\n\n<p><strong>Enregistrement :<\/strong> \u00c0 partir de 14 h<strong>.<\/strong><br\/><strong>Check-out :<\/strong> avant 11 h.<\/p>\n\n<p><strong>Wi-Fi :<\/strong> Disponible dans toute la propri\u00e9t\u00e9<br\/>Mot de passe : Puravida2025<\/p>\n\n<p><strong>Paiements :<\/strong> Nous acceptons l&rsquo;argent liquide et les cartes de cr\u00e9dit (certaines visites externes peuvent n\u00e9cessiter de l&rsquo;argent liquide).<\/p>\n\n<div class=\"wp-block-uagb-advanced-heading uagb-block-66e6f908\"><h2 class=\"uagb-heading-text\">\ud83d\udcde Besoin d&rsquo;aide ?<\/h2><\/div>\n\n<p>Nous nous ferons un plaisir de vous aider directement :<\/p>\n\n<div class=\"wp-block-uagb-buttons uagb-buttons__outer-wrap uagb-btn__default-btn uagb-btn-tablet__default-btn uagb-btn-mobile__default-btn uagb-block-fbf6d5ea\"><div class=\"uagb-buttons__wrap uagb-buttons-layout-wrap \">\n<div class=\"wp-block-uagb-buttons-child uagb-buttons__outer-wrap uagb-block-a200b47a wp-block-button\"><div class=\"uagb-button__wrapper\"><a class=\"uagb-buttons-repeater wp-block-button__link\" aria-label=\"\" href=\"https:\/\/wa.me\/+50627670101\" rel=\"follow noopener\" target=\"_self\" role=\"button\"><div class=\"uagb-button__link\">whatsapp<\/div><\/a><\/div><\/div>\n\n\n\n<div class=\"wp-block-uagb-buttons-child uagb-buttons__outer-wrap uagb-block-5c4873d9 wp-block-button\"><div class=\"uagb-button__wrapper\"><a class=\"uagb-buttons-repeater wp-block-button__link\" aria-label=\"\" href=\"info@valverdetortugero.com\" rel=\"follow noopener\" target=\"_blank\" role=\"button\"><div class=\"uagb-button__link\">courriel<\/div><\/a><\/div><\/div>\n\n\n\n<div class=\"wp-block-uagb-buttons-child uagb-buttons__outer-wrap uagb-block-95d843e4 wp-block-button\"><div class=\"uagb-button__wrapper\"><a class=\"uagb-buttons-repeater wp-block-button__link\" aria-label=\"\" href=\"https:\/\/valverdetortuguero.com\/fr\/\" rel=\"follow noopener\" target=\"_self\" role=\"button\"><div class=\"uagb-button__link\">site web<\/div><\/a><\/div><\/div>\n<\/div><\/div>\n","protected":false},"excerpt":{"rendered":"<p>Se rendre \u00e0 Tortuguero Merci d&rsquo;avoir choisi de s\u00e9journer avec nous \u00e0 Valverde Glamping &amp; Ecolodge &#8211; nous sommes ravis [&hellip;]<\/p>\n","protected":false},"author":1,"featured_media":0,"parent":0,"menu_order":0,"comment_status":"closed","ping_status":"closed","template":"","meta":{"_uag_custom_page_level_css":"","site-sidebar-layout":"default","site-content-layout":"","ast-site-content-layout":"default","site-content-style":"default","site-sidebar-style":"default","ast-global-header-display":"","ast-banner-title-visibility":"","ast-main-header-display":"","ast-hfb-above-header-display":"","ast-hfb-below-header-display":"","ast-hfb-mobile-header-display":"","site-post-title":"","ast-breadcrumbs-content":"","ast-featured-img":"","footer-sml-layout":"","ast-disable-related-posts":"","theme-transparent-header-meta":"","adv-header-id-meta":"","stick-header-meta":"","header-above-stick-meta":"","header-main-stick-meta":"","header-below-stick-meta":"","astra-migrate-meta-layouts":"fixer","ast-page-background-enabled":"default","ast-page-background-meta":{"desktop":{"background-color":"var(--ast-global-color-4)","background-image":"","background-repeat":"repeat","background-position":"center center","background-size":"auto","background-attachment":"scroll","background-type":"","background-media":"","overlay-type":"","overlay-color":"","overlay-opacity":"","overlay-gradient":""},"tablet":{"background-color":"","background-image":"","background-repeat":"repeat","background-position":"center center","background-size":"auto","background-attachment":"scroll","background-type":"","background-media":"","overlay-type":"","overlay-color":"","overlay-opacity":"","overlay-gradient":""},"mobile":{"background-color":"","background-image":"","background-repeat":"repeat","background-position":"center center","background-size":"auto","background-attachment":"scroll","background-type":"","background-media":"","overlay-type":"","overlay-color":"","overlay-opacity":"","overlay-gradient":""}},"ast-content-background-meta":{"desktop":{"background-color":"var(--ast-global-color-5)","background-image":"","background-repeat":"repeat","background-position":"center center","background-size":"auto","background-attachment":"scroll","background-type":"","background-media":"","overlay-type":"","overlay-color":"","overlay-opacity":"","overlay-gradient":""},"tablet":{"background-color":"var(--ast-global-color-5)","background-image":"","background-repeat":"repeat","background-position":"center center","background-size":"auto","background-attachment":"scroll","background-type":"","background-media":"","overlay-type":"","overlay-color":"","overlay-opacity":"","overlay-gradient":""},"mobile":{"background-color":"var(--ast-global-color-5)","background-image":"","background-repeat":"repeat","background-position":"center center","background-size":"auto","background-attachment":"scroll","background-type":"","background-media":"","overlay-type":"","overlay-color":"","overlay-opacity":"","overlay-gradient":""}},"footnotes":""},"class_list":["post-4602","page","type-page","status-publish","hentry"],"yoast_head":"<!-- This site is optimized with the Yoast SEO plugin v27.4 - https:\/\/yoast.com\/product\/yoast-seo-wordpress\/ -->\n<title>Guest-info | Valverde Glamping &amp; Ecolodge<\/title>\n<meta name=\"robots\" content=\"index, follow, max-snippet:-1, max-image-preview:large, max-video-preview:-1\" \/>\n<link rel=\"canonical\" href=\"https:\/\/valverdetortuguero.com\/fr\/guest-info\/\" \/>\n<meta property=\"og:locale\" content=\"fr_FR\" \/>\n<meta property=\"og:type\" content=\"article\" \/>\n<meta property=\"og:title\" content=\"Guest-info | Valverde Glamping &amp; Ecolodge\" \/>\n<meta property=\"og:description\" content=\"Se rendre \u00e0 Tortuguero Merci d&rsquo;avoir choisi de s\u00e9journer avec nous \u00e0 Valverde Glamping &amp; Ecolodge &#8211; nous sommes ravis [&hellip;]\" \/>\n<meta property=\"og:url\" content=\"https:\/\/valverdetortuguero.com\/fr\/guest-info\/\" \/>\n<meta property=\"og:site_name\" content=\"Valverde Glamping &amp; Ecolodge\" \/>\n<meta property=\"article:publisher\" content=\"https:\/\/www.facebook.com\/valverdetortuguero\" \/>\n<meta property=\"article:modified_time\" content=\"2025-08-08T21:27:01+00:00\" \/>\n<meta property=\"og:image\" content=\"https:\/\/valverdetortuguero.com\/wp-content\/uploads\/2024\/12\/1200x500.jpg\" \/>\n\t<meta property=\"og:image:width\" content=\"1200\" \/>\n\t<meta property=\"og:image:height\" content=\"500\" \/>\n\t<meta property=\"og:image:type\" content=\"image\/jpeg\" \/>\n<meta name=\"twitter:card\" content=\"summary_large_image\" \/>\n<meta name=\"twitter:label1\" content=\"Dur\u00e9e de lecture estim\u00e9e\" \/>\n\t<meta name=\"twitter:data1\" content=\"3 minute\" \/>\n<script type=\"application\/ld+json\" class=\"yoast-schema-graph\">{\"@context\":\"https:\\\/\\\/schema.org\",\"@graph\":[{\"@type\":\"WebPage\",\"@id\":\"https:\\\/\\\/valverdetortuguero.com\\\/fr\\\/guest-info\\\/\",\"url\":\"https:\\\/\\\/valverdetortuguero.com\\\/fr\\\/guest-info\\\/\",\"name\":\"Guest-info | Valverde Glamping &amp; Ecolodge\",\"isPartOf\":{\"@id\":\"https:\\\/\\\/valverdetortuguero.com\\\/fr\\\/#website\"},\"datePublished\":\"2025-07-22T16:08:30+00:00\",\"dateModified\":\"2025-08-08T21:27:01+00:00\",\"breadcrumb\":{\"@id\":\"https:\\\/\\\/valverdetortuguero.com\\\/fr\\\/guest-info\\\/#breadcrumb\"},\"inLanguage\":\"fr-FR\",\"potentialAction\":[{\"@type\":\"ReadAction\",\"target\":[\"https:\\\/\\\/valverdetortuguero.com\\\/fr\\\/guest-info\\\/\"]}]},{\"@type\":\"BreadcrumbList\",\"@id\":\"https:\\\/\\\/valverdetortuguero.com\\\/fr\\\/guest-info\\\/#breadcrumb\",\"itemListElement\":[{\"@type\":\"ListItem\",\"position\":1,\"name\":\"Portada\",\"item\":\"https:\\\/\\\/valverdetortuguero.com\\\/fr\\\/\"},{\"@type\":\"ListItem\",\"position\":2,\"name\":\"Guest-info\"}]},{\"@type\":\"WebSite\",\"@id\":\"https:\\\/\\\/valverdetortuguero.com\\\/fr\\\/#website\",\"url\":\"https:\\\/\\\/valverdetortuguero.com\\\/fr\\\/\",\"name\":\"Valverde Glamping & Ecolodge\",\"description\":\"Where Comfort and Nature Unite in the Heart of Tortuguero.\",\"publisher\":{\"@id\":\"https:\\\/\\\/valverdetortuguero.com\\\/fr\\\/#organization\"},\"alternateName\":\"Valverde Tortuguero\",\"potentialAction\":[{\"@type\":\"SearchAction\",\"target\":{\"@type\":\"EntryPoint\",\"urlTemplate\":\"https:\\\/\\\/valverdetortuguero.com\\\/fr\\\/?s={search_term_string}\"},\"query-input\":{\"@type\":\"PropertyValueSpecification\",\"valueRequired\":true,\"valueName\":\"search_term_string\"}}],\"inLanguage\":\"fr-FR\"},{\"@type\":\"Organization\",\"@id\":\"https:\\\/\\\/valverdetortuguero.com\\\/fr\\\/#organization\",\"name\":\"Valverde Glamping &amp; Ecolodge\",\"alternateName\":\"Valverde Tortuguero\",\"url\":\"https:\\\/\\\/valverdetortuguero.com\\\/fr\\\/\",\"logo\":{\"@type\":\"ImageObject\",\"inLanguage\":\"fr-FR\",\"@id\":\"https:\\\/\\\/valverdetortuguero.com\\\/fr\\\/#\\\/schema\\\/logo\\\/image\\\/\",\"url\":\"https:\\\/\\\/valverdetortuguero.com\\\/wp-content\\\/uploads\\\/2024\\\/12\\\/Flor-500x500-1.jpg\",\"contentUrl\":\"https:\\\/\\\/valverdetortuguero.com\\\/wp-content\\\/uploads\\\/2024\\\/12\\\/Flor-500x500-1.jpg\",\"width\":511,\"height\":512,\"caption\":\"Valverde Glamping &amp; Ecolodge\"},\"image\":{\"@id\":\"https:\\\/\\\/valverdetortuguero.com\\\/fr\\\/#\\\/schema\\\/logo\\\/image\\\/\"},\"sameAs\":[\"https:\\\/\\\/www.facebook.com\\\/valverdetortuguero\",\"https:\\\/\\\/www.instagram.com\\\/valverdetortuguero\"]}]}<\/script>\n<!-- \/ Yoast SEO plugin. -->","yoast_head_json":{"title":"Guest-info | Valverde Glamping &amp; Ecolodge","robots":{"index":"index","follow":"follow","max-snippet":"max-snippet:-1","max-image-preview":"max-image-preview:large","max-video-preview":"max-video-preview:-1"},"canonical":"https:\/\/valverdetortuguero.com\/fr\/guest-info\/","og_locale":"fr_FR","og_type":"article","og_title":"Guest-info | Valverde Glamping &amp; Ecolodge","og_description":"Se rendre \u00e0 Tortuguero Merci d&rsquo;avoir choisi de s\u00e9journer avec nous \u00e0 Valverde Glamping &amp; Ecolodge &#8211; nous sommes ravis [&hellip;]","og_url":"https:\/\/valverdetortuguero.com\/fr\/guest-info\/","og_site_name":"Valverde Glamping &amp; Ecolodge","article_publisher":"https:\/\/www.facebook.com\/valverdetortuguero","article_modified_time":"2025-08-08T21:27:01+00:00","og_image":[{"width":1200,"height":500,"url":"https:\/\/valverdetortuguero.com\/wp-content\/uploads\/2024\/12\/1200x500.jpg","type":"image\/jpeg"}],"twitter_card":"summary_large_image","twitter_misc":{"Dur\u00e9e de lecture estim\u00e9e":"3 minute"},"schema":{"@context":"https:\/\/schema.org","@graph":[{"@type":"WebPage","@id":"https:\/\/valverdetortuguero.com\/fr\/guest-info\/","url":"https:\/\/valverdetortuguero.com\/fr\/guest-info\/","name":"Guest-info | Valverde Glamping &amp; Ecolodge","isPartOf":{"@id":"https:\/\/valverdetortuguero.com\/fr\/#website"},"datePublished":"2025-07-22T16:08:30+00:00","dateModified":"2025-08-08T21:27:01+00:00","breadcrumb":{"@id":"https:\/\/valverdetortuguero.com\/fr\/guest-info\/#breadcrumb"},"inLanguage":"fr-FR","potentialAction":[{"@type":"ReadAction","target":["https:\/\/valverdetortuguero.com\/fr\/guest-info\/"]}]},{"@type":"BreadcrumbList","@id":"https:\/\/valverdetortuguero.com\/fr\/guest-info\/#breadcrumb","itemListElement":[{"@type":"ListItem","position":1,"name":"Portada","item":"https:\/\/valverdetortuguero.com\/fr\/"},{"@type":"ListItem","position":2,"name":"Guest-info"}]},{"@type":"WebSite","@id":"https:\/\/valverdetortuguero.com\/fr\/#website","url":"https:\/\/valverdetortuguero.com\/fr\/","name":"Valverde Glamping & Ecolodge","description":"Where Comfort and Nature Unite in the Heart of Tortuguero.","publisher":{"@id":"https:\/\/valverdetortuguero.com\/fr\/#organization"},"alternateName":"Valverde Tortuguero","potentialAction":[{"@type":"SearchAction","target":{"@type":"EntryPoint","urlTemplate":"https:\/\/valverdetortuguero.com\/fr\/?s={search_term_string}"},"query-input":{"@type":"PropertyValueSpecification","valueRequired":true,"valueName":"search_term_string"}}],"inLanguage":"fr-FR"},{"@type":"Organization","@id":"https:\/\/valverdetortuguero.com\/fr\/#organization","name":"Valverde Glamping &amp; Ecolodge","alternateName":"Valverde Tortuguero","url":"https:\/\/valverdetortuguero.com\/fr\/","logo":{"@type":"ImageObject","inLanguage":"fr-FR","@id":"https:\/\/valverdetortuguero.com\/fr\/#\/schema\/logo\/image\/","url":"https:\/\/valverdetortuguero.com\/wp-content\/uploads\/2024\/12\/Flor-500x500-1.jpg","contentUrl":"https:\/\/valverdetortuguero.com\/wp-content\/uploads\/2024\/12\/Flor-500x500-1.jpg","width":511,"height":512,"caption":"Valverde Glamping &amp; Ecolodge"},"image":{"@id":"https:\/\/valverdetortuguero.com\/fr\/#\/schema\/logo\/image\/"},"sameAs":["https:\/\/www.facebook.com\/valverdetortuguero","https:\/\/www.instagram.com\/valverdetortuguero"]}]}},"uagb_featured_image_src":{"full":false,"thumbnail":false,"medium":false,"medium_large":false,"large":false,"1536x1536":false,"2048x2048":false},"uagb_author_info":{"display_name":"kayvalverde@gmail.com","author_link":"https:\/\/valverdetortuguero.com\/fr\/author\/kayvalverdegmail-com\/"},"uagb_comment_info":0,"uagb_excerpt":"Se rendre \u00e0 Tortuguero Merci d&rsquo;avoir choisi de s\u00e9journer avec nous \u00e0 Valverde Glamping &amp; Ecolodge &#8211; nous sommes ravis [&hellip;]","_links":{"self":[{"href":"https:\/\/valverdetortuguero.com\/fr\/wp-json\/wp\/v2\/pages\/4602","targetHints":{"allow":["GET"]}}],"collection":[{"href":"https:\/\/valverdetortuguero.com\/fr\/wp-json\/wp\/v2\/pages"}],"about":[{"href":"https:\/\/valverdetortuguero.com\/fr\/wp-json\/wp\/v2\/types\/page"}],"author":[{"embeddable":true,"href":"https:\/\/valverdetortuguero.com\/fr\/wp-json\/wp\/v2\/users\/1"}],"replies":[{"embeddable":true,"href":"https:\/\/valverdetortuguero.com\/fr\/wp-json\/wp\/v2\/comments?post=4602"}],"version-history":[{"count":4,"href":"https:\/\/valverdetortuguero.com\/fr\/wp-json\/wp\/v2\/pages\/4602\/revisions"}],"predecessor-version":[{"id":4660,"href":"https:\/\/valverdetortuguero.com\/fr\/wp-json\/wp\/v2\/pages\/4602\/revisions\/4660"}],"wp:attachment":[{"href":"https:\/\/valverdetortuguero.com\/fr\/wp-json\/wp\/v2\/media?parent=4602"}],"curies":[{"name":"wp","href":"https:\/\/api.w.org\/{rel}","templated":true}]}}