{"id":3438,"date":"2024-11-16T04:10:05","date_gmt":"2024-11-16T04:10:05","guid":{"rendered":"https:\/\/valverdetortuguero.com\/localisation\/"},"modified":"2025-05-24T01:06:54","modified_gmt":"2025-05-24T01:06:54","slug":"localisation","status":"publish","type":"page","link":"https:\/\/valverdetortuguero.com\/fr\/localisation\/","title":{"rendered":"Localisation"},"content":{"rendered":"\n<div class=\"wp-block-uagb-container uagb-block-2826c8cd alignfull uagb-is-root-container\"><div class=\"uagb-container-inner-blocks-wrap\">\n<header class=\"wp-block-uagb-advanced-heading uagb-block-663cf24b\"><h2 class=\"uagb-heading-text\">Comment se rendre \u00e0 Tortuguero<\/h2><\/header>\n<\/div><\/div>\n\n<div class=\"wp-block-uagb-container uagb-block-4f7f447f alignfull uagb-is-root-container\"><div class=\"uagb-container-inner-blocks-wrap\">\n<div class=\"wp-block-uagb-container uagb-block-c1fa6590\"><\/div>\n<\/div><\/div>\n\n<div class=\"wp-block-group is-layout-constrained wp-block-group-is-layout-constrained\">\n<div class=\"wp-block-uagb-container uagb-block-e078d5f5 alignfull uagb-is-root-container\"><div class=\"uagb-container-inner-blocks-wrap\">\n<div class=\"wp-block-uagb-call-to-action uagb-block-22fa052b wp-block-button\"><div class=\"uagb-cta__wrap\"><h3 class=\"uagb-cta__title\">1- En voiture et en bateau<\/h3><p class=\"uagb-cta__desc\">La route la plus populaire pour se rendre \u00e0 Tortuguero est la route et le bateau. Vous pouvez vous rendre en voiture de San Jos\u00e9 ou d&rsquo;autres grandes villes \u00e0 <strong>La Pavona<\/strong>, un petit quai situ\u00e9 \u00e0 environ 2 heures au nord-est de San Jos\u00e9. Depuis La Pavona, vous monterez \u00e0 bord d&rsquo;un bateau pour un voyage pittoresque \u00e0 travers les canaux, qui dure environ 1,5 \u00e0 2 heures pour atteindre Tortuguero. Cette route vous permettra de d\u00e9couvrir la for\u00eat tropicale et sa faune tout au long du trajet.   <\/p><\/div><div class=\"uagb-cta__buttons\"><a href=\"https:\/\/book.peek.com\/s\/0de9be3e-e573-4559-8890-756e5fa8648a\/y0OXW\" class=\"uagb-cta__button-link-wrapper wp-block-button__link\" target=\"_blank\" rel=\"noopener noreferrer\">livre TRANSPORT<svg xmlns=\"https:\/\/www.w3.org\/2000\/svg\" viewbox=\"0 0 512 512\"><path d=\"M504.3 273.6l-112.1 104c-6.992 6.484-17.18 8.218-25.94 4.406c-8.758-3.812-14.42-12.45-14.42-21.1L351.9 288H32C14.33 288 .0002 273.7 .0002 255.1S14.33 224 32 224h319.9l0-72c0-9.547 5.66-18.19 14.42-22c8.754-3.809 18.95-2.075 25.94 4.41l112.1 104C514.6 247.9 514.6 264.1 504.3 273.6z\"><\/path><\/svg><\/a><\/div><\/div>\n\n\n\t\t\t<div \n\t\t\tclass=\"wp-block-uagb-google-map uagb-google-map__wrap uagb-block-50b6e955     \"\n\t\t\tstyle=\"\" >\n\t\t\t\t<embed\n\t\t\t\t\tclass=\"uagb-google-map__iframe\"\n\t\t\t\t\ttitle=\"Carte Google pour \"\n\t\t\t\t\tsrc=\"https:\/\/maps.google.com\/maps?q=Embarcadero%20la%20Pavona%2C%20Lim%C3%B3n%2C%20Cariari%2C%2070205&#038;z=10&#038;hl=en&#038;t=m&#038;output=embed&#038;iwloc=near\"\n\t\t\t\t\twidth=\"640\"\n\t\t\t\t\theight=\"500\"\n\t\t\t\t\tloading=\"lazy\"\n\t\t\t\t><\/embed>\n\t\t\t<\/div>\n\t\t\t<\/div><\/div>\n\n\n\n<div class=\"wp-block-uagb-call-to-action uagb-block-35d39440 wp-block-button\"><div class=\"uagb-cta__wrap\"><h3 class=\"uagb-cta__title\">Comment se rendre \u00e0 l&#8217;embarcad\u00e8re de La Pavona<\/h3><p class=\"uagb-cta__desc\">Utilisez le lien suivant pour obtenir des indications sur Google Maps afin de vous rendre \u00e0 l&#8217;embarcad\u00e8re de La Pavona.<\/p><\/div><div class=\"uagb-cta__buttons\"><a href=\"https:\/\/maps.app.goo.gl\/tgHY1MBM9m6dRxwt5\" class=\"uagb-cta__button-link-wrapper wp-block-button__link\" target=\"_blank\" rel=\"noopener noreferrer\">Aller \u00e0 la pavona<\/a><\/div><\/div>\n\n\n\n<div class=\"wp-block-uagb-image uagb-block-0be3bab6 wp-block-uagb-image--layout-default wp-block-uagb-image--effect-static wp-block-uagb-image--align-none\"><figure class=\"wp-block-uagb-image__figure\"><img decoding=\"async\" srcset=\"https:\/\/valverdetortuguero.com\/wp-content\/uploads\/2024\/11\/Muelle-La-Pavona-1024x427.jpg ,https:\/\/valverdetortuguero.com\/wp-content\/uploads\/2024\/11\/Muelle-La-Pavona.jpg 780w, https:\/\/valverdetortuguero.com\/wp-content\/uploads\/2024\/11\/Muelle-La-Pavona.jpg 360w\" sizes=\"auto, (max-width: 480px) 150px\" src=\"https:\/\/valverdetortuguero.com\/wp-content\/uploads\/2024\/11\/Muelle-La-Pavona-1024x427.jpg\" alt=\"Embarcad\u00e8re de La Pavona\" class=\"uag-image-2322\" width=\"1920\" height=\"800\" title=\"Muelle La Pavona\" loading=\"lazy\" role=\"img\"><\/figure><\/div>\n\n\n\n<div class=\"wp-block-uagb-call-to-action uagb-block-05dff02c wp-block-button\"><div class=\"uagb-cta__wrap\"><h3 class=\"uagb-cta__title\">Horaire des bateaux<\/h3><p class=\"uagb-cta__desc\">Les d\u00e9parts en bateau de La Pavona vers le quai principal du Lodge sont programm\u00e9s aux heures suivantes : 9 h 00, 11 h 00, 12 h 45, 15 h 00 et 16 h 00.  <br\/><br\/>Nous vous recommandons vivement d&rsquo;acheter vos billets de bateau \u00e0 l&rsquo;avance sur notre site web pour garantir la disponibilit\u00e9, en particulier pendant les p\u00e9riodes de pointe. En r\u00e9servant \u00e0 l&rsquo;avance, vous pouvez vous assurer de l&rsquo;heure de votre choix et \u00e9viter tout retard. Le bateau vous conduira directement au quai principal du Lodge, o\u00f9 notre \u00e9quipe sera pr\u00eate \u00e0 vous accueillir.  <\/p><\/div><div class=\"uagb-cta__buttons\"><a href=\"https:\/\/book.peek.com\/s\/0de9be3e-e573-4559-8890-756e5fa8648a\/y0OXW\" class=\"uagb-cta__button-link-wrapper wp-block-button__link\" target=\"_blank\" rel=\"noopener noreferrer\">Achetez des billets de bateau<svg xmlns=\"https:\/\/www.w3.org\/2000\/svg\" viewbox=\"0 0 512 512\"><path d=\"M504.3 273.6l-112.1 104c-6.992 6.484-17.18 8.218-25.94 4.406c-8.758-3.812-14.42-12.45-14.42-21.1L351.9 288H32C14.33 288 .0002 273.7 .0002 255.1S14.33 224 32 224h319.9l0-72c0-9.547 5.66-18.19 14.42-22c8.754-3.809 18.95-2.075 25.94 4.41l112.1 104C514.6 247.9 514.6 264.1 504.3 273.6z\"><\/path><\/svg><\/a><\/div><\/div>\n\n\n\n<div class=\"wp-block-uagb-call-to-action uagb-block-c1b866f3 wp-block-button\"><div class=\"uagb-cta__wrap\"><h3 class=\"uagb-cta__title\">2- Par petit avion<\/h3><p class=\"uagb-cta__desc\">Pour une option plus rapide et plus pittoresque, vous pouvez prendre un petit avion de l&rsquo;<strong>a\u00e9roport international Juan Santamar\u00eda<\/strong> (San Jos\u00e9) \u00e0 l&rsquo;<strong>a\u00e9roport de Tortuguero<\/strong>. Le vol offre des vues a\u00e9riennes \u00e9poustouflantes des paysages luxuriants du Costa Rica et de la c\u00f4te carib\u00e9enne. Le vol dure environ 30 minutes et constitue une option plus directe et plus pratique pour ceux qui manquent de temps ou qui recherchent une exp\u00e9rience de voyage inoubliable.<br\/>Les deux options constituent un moyen m\u00e9morable de se rendre \u00e0 Tortuguero, chacune ayant son propre charme et ses propres possibilit\u00e9s d&rsquo;explorer la beaut\u00e9 naturelle du Costa Rica.  <br\/><strong>R\u00e9servez votre vol pour Tortuguero !<\/strong><br\/>Pr\u00eat pour une aventure inoubliable ? Cliquez sur le bouton pour r\u00e9server votre vol panoramique de San Jos\u00e9 \u00e0 l&rsquo;a\u00e9roport de Tortuguero. Profitez d&rsquo;une vue imprenable sur les paysages du Costa Rica pendant que vous volez directement vers votre destination.<br\/>Une fois votre r\u00e9servation effectu\u00e9e, veuillez nous envoyer les d\u00e9tails de votre vol afin que nous puissions organiser une prise en charge \u00e0 l&rsquo;a\u00e9roport de Tortuguero. Nous sommes impatients de vous accueillir et de vous garantir une arriv\u00e9e en douceur et m\u00e9morable !   <\/p><\/div><div class=\"uagb-cta__buttons\"><a href=\"https:\/\/flysansa.com\" class=\"uagb-cta__button-link-wrapper wp-block-button__link\" target=\"_blank\" rel=\"noopener noreferrer\">R\u00e9servez VOTRE vol<svg xmlns=\"https:\/\/www.w3.org\/2000\/svg\" viewbox=\"0 0 512 512\"><path d=\"M504.3 273.6l-112.1 104c-6.992 6.484-17.18 8.218-25.94 4.406c-8.758-3.812-14.42-12.45-14.42-21.1L351.9 288H32C14.33 288 .0002 273.7 .0002 255.1S14.33 224 32 224h319.9l0-72c0-9.547 5.66-18.19 14.42-22c8.754-3.809 18.95-2.075 25.94 4.41l112.1 104C514.6 247.9 514.6 264.1 504.3 273.6z\"><\/path><\/svg><\/a><\/div><\/div>\n<\/div>\n\n<div class=\"wp-block-uagb-container uagb-block-0bdbf01c alignfull uagb-is-root-container\"><div class=\"uagb-container-inner-blocks-wrap\">\n<div style=\"height:100px\" aria-hidden=\"true\" class=\"wp-block-spacer\"><\/div>\n<\/div><\/div>\n\n<p><\/p>\n","protected":false},"excerpt":{"rendered":"<p>Comment se rendre \u00e0 Tortuguero<\/p>\n","protected":false},"author":1,"featured_media":3306,"parent":0,"menu_order":0,"comment_status":"closed","ping_status":"closed","template":"","meta":{"_uag_custom_page_level_css":"","site-sidebar-layout":"no-sidebar","site-content-layout":"plain-container","ast-site-content-layout":"normal-width-container","site-content-style":"unboxed","site-sidebar-style":"unboxed","ast-global-header-display":"","ast-banner-title-visibility":"","ast-main-header-display":"","ast-hfb-above-header-display":"","ast-hfb-below-header-display":"","ast-hfb-mobile-header-display":"","site-post-title":"disabled","ast-breadcrumbs-content":"","ast-featured-img":"disabled","footer-sml-layout":"","ast-disable-related-posts":"","theme-transparent-header-meta":"enabled","adv-header-id-meta":"","stick-header-meta":"","header-above-stick-meta":"","header-main-stick-meta":"","header-below-stick-meta":"","astra-migrate-meta-layouts":"fixer","ast-page-background-enabled":"default","ast-page-background-meta":{"desktop":{"background-color":"var(--ast-global-color-4)","background-image":"","background-repeat":"repeat","background-position":"center center","background-size":"auto","background-attachment":"scroll","background-type":"","background-media":"","overlay-type":"","overlay-color":"","overlay-opacity":"","overlay-gradient":""},"tablet":{"background-color":"","background-image":"","background-repeat":"repeat","background-position":"center center","background-size":"auto","background-attachment":"scroll","background-type":"","background-media":"","overlay-type":"","overlay-color":"","overlay-opacity":"","overlay-gradient":""},"mobile":{"background-color":"","background-image":"","background-repeat":"repeat","background-position":"center center","background-size":"auto","background-attachment":"scroll","background-type":"","background-media":"","overlay-type":"","overlay-color":"","overlay-opacity":"","overlay-gradient":""}},"ast-content-background-meta":{"desktop":{"background-color":"var(--ast-global-color-5)","background-image":"","background-repeat":"repeat","background-position":"center center","background-size":"auto","background-attachment":"scroll","background-type":"","background-media":"","overlay-type":"","overlay-color":"","overlay-opacity":"","overlay-gradient":""},"tablet":{"background-color":"var(--ast-global-color-5)","background-image":"","background-repeat":"repeat","background-position":"center center","background-size":"auto","background-attachment":"scroll","background-type":"","background-media":"","overlay-type":"","overlay-color":"","overlay-opacity":"","overlay-gradient":""},"mobile":{"background-color":"var(--ast-global-color-5)","background-image":"","background-repeat":"repeat","background-position":"center center","background-size":"auto","background-attachment":"scroll","background-type":"","background-media":"","overlay-type":"","overlay-color":"","overlay-opacity":"","overlay-gradient":""}},"footnotes":""},"class_list":["post-3438","page","type-page","status-publish","has-post-thumbnail","hentry"],"yoast_head":"<!-- This site is optimized with the Yoast SEO plugin v27.4 - https:\/\/yoast.com\/product\/yoast-seo-wordpress\/ -->\n<title>Comment se rendre \u00e0 Tortuguero<\/title>\n<meta name=\"description\" content=\"Apprenez comment rejoindre Tortuguero et explorez la beaut\u00e9 naturelle autour de Valverde Glamping &amp; Ecolodge. R\u00e9servez vos billets de bateau public ici.\" \/>\n<meta name=\"robots\" content=\"index, follow, max-snippet:-1, max-image-preview:large, max-video-preview:-1\" \/>\n<link rel=\"canonical\" href=\"https:\/\/valverdetortuguero.com\/fr\/localisation\/\" \/>\n<meta property=\"og:locale\" content=\"fr_FR\" \/>\n<meta property=\"og:type\" content=\"article\" \/>\n<meta property=\"og:title\" content=\"Comment se rendre \u00e0 Tortuguero\" \/>\n<meta property=\"og:description\" content=\"Apprenez comment rejoindre Tortuguero et explorez la beaut\u00e9 naturelle autour de Valverde Glamping &amp; Ecolodge. R\u00e9servez vos billets de bateau public ici.\" \/>\n<meta property=\"og:url\" content=\"https:\/\/valverdetortuguero.com\/fr\/localisation\/\" \/>\n<meta property=\"og:site_name\" content=\"Valverde Glamping &amp; Ecolodge\" \/>\n<meta property=\"article:publisher\" content=\"https:\/\/www.facebook.com\/valverdetortuguero\" \/>\n<meta property=\"article:modified_time\" content=\"2025-05-24T01:06:54+00:00\" \/>\n<meta property=\"og:image\" content=\"https:\/\/valverdetortuguero.com\/wp-content\/uploads\/2024\/11\/Pueblo-Tortuguero-.jpg\" \/>\n\t<meta property=\"og:image:width\" content=\"1920\" \/>\n\t<meta property=\"og:image:height\" content=\"800\" \/>\n\t<meta property=\"og:image:type\" content=\"image\/jpeg\" \/>\n<meta name=\"twitter:card\" content=\"summary_large_image\" \/>\n<meta name=\"twitter:label1\" content=\"Dur\u00e9e de lecture estim\u00e9e\" \/>\n\t<meta name=\"twitter:data1\" content=\"2 minute\" \/>\n<script type=\"application\/ld+json\" class=\"yoast-schema-graph\">{\"@context\":\"https:\\\/\\\/schema.org\",\"@graph\":[{\"@type\":\"WebPage\",\"@id\":\"https:\\\/\\\/valverdetortuguero.com\\\/fr\\\/localisation\\\/\",\"url\":\"https:\\\/\\\/valverdetortuguero.com\\\/fr\\\/localisation\\\/\",\"name\":\"Comment se rendre \u00e0 Tortuguero\",\"isPartOf\":{\"@id\":\"https:\\\/\\\/valverdetortuguero.com\\\/fr\\\/#website\"},\"primaryImageOfPage\":{\"@id\":\"https:\\\/\\\/valverdetortuguero.com\\\/fr\\\/localisation\\\/#primaryimage\"},\"image\":{\"@id\":\"https:\\\/\\\/valverdetortuguero.com\\\/fr\\\/localisation\\\/#primaryimage\"},\"thumbnailUrl\":\"https:\\\/\\\/valverdetortuguero.com\\\/wp-content\\\/uploads\\\/2024\\\/11\\\/Pueblo-Tortuguero-.jpg\",\"datePublished\":\"2024-11-16T04:10:05+00:00\",\"dateModified\":\"2025-05-24T01:06:54+00:00\",\"description\":\"Apprenez comment rejoindre Tortuguero et explorez la beaut\u00e9 naturelle autour de Valverde Glamping & Ecolodge. R\u00e9servez vos billets de bateau public ici.\",\"breadcrumb\":{\"@id\":\"https:\\\/\\\/valverdetortuguero.com\\\/fr\\\/localisation\\\/#breadcrumb\"},\"inLanguage\":\"fr-FR\",\"potentialAction\":[{\"@type\":\"ReadAction\",\"target\":[\"https:\\\/\\\/valverdetortuguero.com\\\/fr\\\/localisation\\\/\"]}]},{\"@type\":\"ImageObject\",\"inLanguage\":\"fr-FR\",\"@id\":\"https:\\\/\\\/valverdetortuguero.com\\\/fr\\\/localisation\\\/#primaryimage\",\"url\":\"https:\\\/\\\/valverdetortuguero.com\\\/wp-content\\\/uploads\\\/2024\\\/11\\\/Pueblo-Tortuguero-.jpg\",\"contentUrl\":\"https:\\\/\\\/valverdetortuguero.com\\\/wp-content\\\/uploads\\\/2024\\\/11\\\/Pueblo-Tortuguero-.jpg\",\"width\":1920,\"height\":800},{\"@type\":\"BreadcrumbList\",\"@id\":\"https:\\\/\\\/valverdetortuguero.com\\\/fr\\\/localisation\\\/#breadcrumb\",\"itemListElement\":[{\"@type\":\"ListItem\",\"position\":1,\"name\":\"Portada\",\"item\":\"https:\\\/\\\/valverdetortuguero.com\\\/fr\\\/\"},{\"@type\":\"ListItem\",\"position\":2,\"name\":\"Localisation\"}]},{\"@type\":\"WebSite\",\"@id\":\"https:\\\/\\\/valverdetortuguero.com\\\/fr\\\/#website\",\"url\":\"https:\\\/\\\/valverdetortuguero.com\\\/fr\\\/\",\"name\":\"Valverde Glamping & Ecolodge\",\"description\":\"Where Comfort and Nature Unite in the Heart of Tortuguero.\",\"publisher\":{\"@id\":\"https:\\\/\\\/valverdetortuguero.com\\\/fr\\\/#organization\"},\"alternateName\":\"Valverde Tortuguero\",\"potentialAction\":[{\"@type\":\"SearchAction\",\"target\":{\"@type\":\"EntryPoint\",\"urlTemplate\":\"https:\\\/\\\/valverdetortuguero.com\\\/fr\\\/?s={search_term_string}\"},\"query-input\":{\"@type\":\"PropertyValueSpecification\",\"valueRequired\":true,\"valueName\":\"search_term_string\"}}],\"inLanguage\":\"fr-FR\"},{\"@type\":\"Organization\",\"@id\":\"https:\\\/\\\/valverdetortuguero.com\\\/fr\\\/#organization\",\"name\":\"Valverde Glamping &amp; Ecolodge\",\"alternateName\":\"Valverde Tortuguero\",\"url\":\"https:\\\/\\\/valverdetortuguero.com\\\/fr\\\/\",\"logo\":{\"@type\":\"ImageObject\",\"inLanguage\":\"fr-FR\",\"@id\":\"https:\\\/\\\/valverdetortuguero.com\\\/fr\\\/#\\\/schema\\\/logo\\\/image\\\/\",\"url\":\"https:\\\/\\\/valverdetortuguero.com\\\/wp-content\\\/uploads\\\/2024\\\/12\\\/Flor-500x500-1.jpg\",\"contentUrl\":\"https:\\\/\\\/valverdetortuguero.com\\\/wp-content\\\/uploads\\\/2024\\\/12\\\/Flor-500x500-1.jpg\",\"width\":511,\"height\":512,\"caption\":\"Valverde Glamping &amp; Ecolodge\"},\"image\":{\"@id\":\"https:\\\/\\\/valverdetortuguero.com\\\/fr\\\/#\\\/schema\\\/logo\\\/image\\\/\"},\"sameAs\":[\"https:\\\/\\\/www.facebook.com\\\/valverdetortuguero\",\"https:\\\/\\\/www.instagram.com\\\/valverdetortuguero\"]}]}<\/script>\n<!-- \/ Yoast SEO plugin. -->","yoast_head_json":{"title":"Comment se rendre \u00e0 Tortuguero","description":"Apprenez comment rejoindre Tortuguero et explorez la beaut\u00e9 naturelle autour de Valverde Glamping & Ecolodge. R\u00e9servez vos billets de bateau public ici.","robots":{"index":"index","follow":"follow","max-snippet":"max-snippet:-1","max-image-preview":"max-image-preview:large","max-video-preview":"max-video-preview:-1"},"canonical":"https:\/\/valverdetortuguero.com\/fr\/localisation\/","og_locale":"fr_FR","og_type":"article","og_title":"Comment se rendre \u00e0 Tortuguero","og_description":"Apprenez comment rejoindre Tortuguero et explorez la beaut\u00e9 naturelle autour de Valverde Glamping & Ecolodge. R\u00e9servez vos billets de bateau public ici.","og_url":"https:\/\/valverdetortuguero.com\/fr\/localisation\/","og_site_name":"Valverde Glamping &amp; Ecolodge","article_publisher":"https:\/\/www.facebook.com\/valverdetortuguero","article_modified_time":"2025-05-24T01:06:54+00:00","og_image":[{"width":1920,"height":800,"url":"https:\/\/valverdetortuguero.com\/wp-content\/uploads\/2024\/11\/Pueblo-Tortuguero-.jpg","type":"image\/jpeg"}],"twitter_card":"summary_large_image","twitter_misc":{"Dur\u00e9e de lecture estim\u00e9e":"2 minute"},"schema":{"@context":"https:\/\/schema.org","@graph":[{"@type":"WebPage","@id":"https:\/\/valverdetortuguero.com\/fr\/localisation\/","url":"https:\/\/valverdetortuguero.com\/fr\/localisation\/","name":"Comment se rendre \u00e0 Tortuguero","isPartOf":{"@id":"https:\/\/valverdetortuguero.com\/fr\/#website"},"primaryImageOfPage":{"@id":"https:\/\/valverdetortuguero.com\/fr\/localisation\/#primaryimage"},"image":{"@id":"https:\/\/valverdetortuguero.com\/fr\/localisation\/#primaryimage"},"thumbnailUrl":"https:\/\/valverdetortuguero.com\/wp-content\/uploads\/2024\/11\/Pueblo-Tortuguero-.jpg","datePublished":"2024-11-16T04:10:05+00:00","dateModified":"2025-05-24T01:06:54+00:00","description":"Apprenez comment rejoindre Tortuguero et explorez la beaut\u00e9 naturelle autour de Valverde Glamping & Ecolodge. R\u00e9servez vos billets de bateau public ici.","breadcrumb":{"@id":"https:\/\/valverdetortuguero.com\/fr\/localisation\/#breadcrumb"},"inLanguage":"fr-FR","potentialAction":[{"@type":"ReadAction","target":["https:\/\/valverdetortuguero.com\/fr\/localisation\/"]}]},{"@type":"ImageObject","inLanguage":"fr-FR","@id":"https:\/\/valverdetortuguero.com\/fr\/localisation\/#primaryimage","url":"https:\/\/valverdetortuguero.com\/wp-content\/uploads\/2024\/11\/Pueblo-Tortuguero-.jpg","contentUrl":"https:\/\/valverdetortuguero.com\/wp-content\/uploads\/2024\/11\/Pueblo-Tortuguero-.jpg","width":1920,"height":800},{"@type":"BreadcrumbList","@id":"https:\/\/valverdetortuguero.com\/fr\/localisation\/#breadcrumb","itemListElement":[{"@type":"ListItem","position":1,"name":"Portada","item":"https:\/\/valverdetortuguero.com\/fr\/"},{"@type":"ListItem","position":2,"name":"Localisation"}]},{"@type":"WebSite","@id":"https:\/\/valverdetortuguero.com\/fr\/#website","url":"https:\/\/valverdetortuguero.com\/fr\/","name":"Valverde Glamping & Ecolodge","description":"Where Comfort and Nature Unite in the Heart of Tortuguero.","publisher":{"@id":"https:\/\/valverdetortuguero.com\/fr\/#organization"},"alternateName":"Valverde Tortuguero","potentialAction":[{"@type":"SearchAction","target":{"@type":"EntryPoint","urlTemplate":"https:\/\/valverdetortuguero.com\/fr\/?s={search_term_string}"},"query-input":{"@type":"PropertyValueSpecification","valueRequired":true,"valueName":"search_term_string"}}],"inLanguage":"fr-FR"},{"@type":"Organization","@id":"https:\/\/valverdetortuguero.com\/fr\/#organization","name":"Valverde Glamping &amp; Ecolodge","alternateName":"Valverde Tortuguero","url":"https:\/\/valverdetortuguero.com\/fr\/","logo":{"@type":"ImageObject","inLanguage":"fr-FR","@id":"https:\/\/valverdetortuguero.com\/fr\/#\/schema\/logo\/image\/","url":"https:\/\/valverdetortuguero.com\/wp-content\/uploads\/2024\/12\/Flor-500x500-1.jpg","contentUrl":"https:\/\/valverdetortuguero.com\/wp-content\/uploads\/2024\/12\/Flor-500x500-1.jpg","width":511,"height":512,"caption":"Valverde Glamping &amp; Ecolodge"},"image":{"@id":"https:\/\/valverdetortuguero.com\/fr\/#\/schema\/logo\/image\/"},"sameAs":["https:\/\/www.facebook.com\/valverdetortuguero","https:\/\/www.instagram.com\/valverdetortuguero"]}]}},"uagb_featured_image_src":{"full":["https:\/\/valverdetortuguero.com\/wp-content\/uploads\/2024\/11\/Pueblo-Tortuguero-.jpg",1920,800,false],"thumbnail":["https:\/\/valverdetortuguero.com\/wp-content\/uploads\/2024\/11\/Pueblo-Tortuguero--150x150.jpg",150,150,true],"medium":["https:\/\/valverdetortuguero.com\/wp-content\/uploads\/2024\/11\/Pueblo-Tortuguero--300x125.jpg",300,125,true],"medium_large":["https:\/\/valverdetortuguero.com\/wp-content\/uploads\/2024\/11\/Pueblo-Tortuguero--768x320.jpg",768,320,true],"large":["https:\/\/valverdetortuguero.com\/wp-content\/uploads\/2024\/11\/Pueblo-Tortuguero--1024x427.jpg",1024,427,true],"1536x1536":["https:\/\/valverdetortuguero.com\/wp-content\/uploads\/2024\/11\/Pueblo-Tortuguero--1536x640.jpg",1536,640,true],"2048x2048":["https:\/\/valverdetortuguero.com\/wp-content\/uploads\/2024\/11\/Pueblo-Tortuguero-.jpg",1920,800,false]},"uagb_author_info":{"display_name":"kayvalverde@gmail.com","author_link":"https:\/\/valverdetortuguero.com\/fr\/author\/kayvalverdegmail-com\/"},"uagb_comment_info":0,"uagb_excerpt":"Comment se rendre \u00e0 Tortuguero","_links":{"self":[{"href":"https:\/\/valverdetortuguero.com\/fr\/wp-json\/wp\/v2\/pages\/3438","targetHints":{"allow":["GET"]}}],"collection":[{"href":"https:\/\/valverdetortuguero.com\/fr\/wp-json\/wp\/v2\/pages"}],"about":[{"href":"https:\/\/valverdetortuguero.com\/fr\/wp-json\/wp\/v2\/types\/page"}],"author":[{"embeddable":true,"href":"https:\/\/valverdetortuguero.com\/fr\/wp-json\/wp\/v2\/users\/1"}],"replies":[{"embeddable":true,"href":"https:\/\/valverdetortuguero.com\/fr\/wp-json\/wp\/v2\/comments?post=3438"}],"version-history":[{"count":16,"href":"https:\/\/valverdetortuguero.com\/fr\/wp-json\/wp\/v2\/pages\/3438\/revisions"}],"predecessor-version":[{"id":3914,"href":"https:\/\/valverdetortuguero.com\/fr\/wp-json\/wp\/v2\/pages\/3438\/revisions\/3914"}],"wp:featuredmedia":[{"embeddable":true,"href":"https:\/\/valverdetortuguero.com\/fr\/wp-json\/wp\/v2\/media\/3306"}],"wp:attachment":[{"href":"https:\/\/valverdetortuguero.com\/fr\/wp-json\/wp\/v2\/media?parent=3438"}],"curies":[{"name":"wp","href":"https:\/\/api.w.org\/{rel}","templated":true}]}}