{"id":4606,"date":"2025-07-22T16:08:30","date_gmt":"2025-07-22T16:08:30","guid":{"rendered":"https:\/\/valverdetortuguero.com\/guest-info\/"},"modified":"2026-02-02T22:34:59","modified_gmt":"2026-02-02T22:34:59","slug":"guest-info","status":"publish","type":"page","link":"https:\/\/valverdetortuguero.com\/es\/guest-info\/","title":{"rendered":"Guest-info"},"content":{"rendered":"\n<div class=\"wp-block-uagb-container uagb-block-cca0bfcd alignfull uagb-is-root-container\"><div class=\"uagb-container-inner-blocks-wrap\">\n<div class=\"wp-block-cover alignfull has-parallax wp-duotone-unset-1\" style=\"margin-top:0;padding-top:48px;padding-right:48px;padding-bottom:48px;padding-left:48px;min-height:66vh;aspect-ratio:unset;\"><div role=\"img\" aria-label=\"Vista a\u00e9rea Valverde Glamping &amp; Ecolodge\" class=\"wp-block-cover__image-background wp-image-4556 size-full has-parallax\" style=\"background-position:50% 50%;background-image:url(https:\/\/valverdetortuguero.com\/wp-content\/uploads\/2025\/06\/Aerea-desde-atras-horizontal-scaled.jpeg)\"><\/div><span aria-hidden=\"true\" class=\"wp-block-cover__background has-background-dim-30 has-background-dim\" style=\"background-color:#688480\"><\/span><div class=\"wp-block-cover__inner-container is-layout-flow wp-block-cover-is-layout-flow\">\n<div class=\"wp-block-group is-content-justification-left is-layout-constrained wp-container-core-group-is-layout-c14b6166 wp-block-group-is-layout-constrained\">\n<h1 class=\"wp-block-heading has-text-align-center has-white-color has-text-color\" style=\"font-size:40px;font-style:normal;font-weight:700;letter-spacing:0px;line-height:1;text-transform:none\">BIENVENIDO A<br\/>Valverde Glamping &amp; Ecolodge  <\/h1>\n<\/div>\n\n\n\n<p class=\"has-text-align-center has-ast-global-color-5-color has-text-color has-link-color wp-elements-0e318dfc46378babc3905a9758ad71a7\">Todo lo que necesitas saber para preparar tu estancia<\/p>\n<\/div><\/div>\n<\/div><\/div>\n\n<p><\/p>\n\n<div class=\"wp-block-uagb-container uagb-block-b16d642e alignfull uagb-is-root-container\"><div class=\"uagb-container-inner-blocks-wrap\">\n<h2 class=\"wp-block-heading has-text-align-center\">C\u00f3mo llegar a Tortuguero<\/h2>\n<\/div><\/div>\n\n<p class=\"has-text-align-center\">Gracias por elegir alojarte con nosotros en Valverde Glamping &amp; Ecolodge &#8211; \u00a1estamos encantados de darte la bienvenida a Tortuguero!<br\/>A continuaci\u00f3n encontrar\u00e1s toda la informaci\u00f3n esencial para ayudarte a preparar tu visita y aprovechar al m\u00e1ximo tu estancia.<br\/>Valverde se encuentra dentro del Parque Nacional de Tortuguero y s\u00f3lo se puede acceder a \u00e9l en barco. Aqu\u00ed tienes todo lo que necesitas saber de antemano para planificar tu viaje paso a paso:<br\/>\ud83d\udc49 Para saber c\u00f3mo llegar al embarcadero de La Pavona, <a href=\"https:\/\/maps.app.goo.gl\/GYKo5hPv2hC2m5g2A\">HAZ CLIC AQU\u00cd<\/a> <\/p>\n\n<div class=\"wp-block-uagb-advanced-heading uagb-block-bdcb6877\"><h2 class=\"uagb-heading-text\">\ud83c\udd7f\ufe0f Aparcamiento en La Pavona<\/h2><\/div>\n\n<p>Si vas en coche, te recomendamos que aparques en un establecimiento asociado de confianza en La Pavona:<\/p>\n\n<div class=\"wp-block-buttons is-content-justification-left is-layout-flex wp-container-core-buttons-is-layout-fc4fd283 wp-block-buttons-is-layout-flex\">\n<div class=\"wp-block-button\"><a class=\"wp-block-button__link has-text-align-center wp-element-button\" href=\"https:\/\/book.peek.com\/s\/0de9be3e-e573-4559-8890-756e5fa8648a\/XRE6X\" target=\"_blank\" rel=\"noreferrer noopener\">Reserva aparcamiento aqu\u00ed<\/a><\/div>\n<\/div>\n\n<p>El solar est\u00e1 gestionado por una empresa externa y ofrece seguridad 24 horas al d\u00eda, 7 d\u00edas a la semana, aseos y acceso directo al muelle para barcos.<\/p>\n\n<div class=\"wp-block-uagb-advanced-heading uagb-block-7d359255\"><h2 class=\"uagb-heading-text\">\ud83d\udea4 Traslado en barco de La Pavona a Valverde<\/h2><\/div>\n\n<p>Si reservas tu billete de barco a trav\u00e9s de nuestro sitio web, tu traslado incluye el transporte hasta el muelle privado de Valverde, sin necesidad de coordinar taxis adicionales.<\/p>\n\n<div class=\"wp-block-uagb-buttons uagb-buttons__outer-wrap uagb-btn__default-btn uagb-btn-tablet__default-btn uagb-btn-mobile__default-btn uagb-block-4b89710d\"><div class=\"uagb-buttons__wrap uagb-buttons-layout-wrap \">\n<div class=\"wp-block-uagb-buttons-child uagb-buttons__outer-wrap uagb-block-a4b8c37e wp-block-button\"><div class=\"uagb-button__wrapper\"><a class=\"uagb-buttons-repeater wp-block-button__link\" aria-label=\"\" href=\"https:\/\/book.peek.com\/s\/0de9be3e-e573-4559-8890-756e5fa8648a\/y0OXW\" rel=\"follow noopener\" target=\"_blank\" role=\"button\"><div class=\"uagb-button__link\">Reserva tu traslado en barco<\/div><\/a><\/div><\/div>\n<\/div><\/div>\n\n<p>Es la opci\u00f3n m\u00e1s c\u00f3moda y directa.<\/p>\n\n<div class=\"wp-block-uagb-advanced-heading uagb-block-7317862c\"><h2 class=\"uagb-heading-text\">Traslados gratuitos a\/desde Tortuguero Village (para los hu\u00e9spedes)<\/h2><\/div>\n\n<p>Una vez alojado en Valverde, ofrecemos traslados gratuitos en barco entre el albergue y el pueblo de Tortuguero en los siguientes horarios:<br\/>* 11.00<br\/>* 15.00<br\/>* 17.00<br\/>Fuera de estos horarios, puedes utilizar un taxi acu\u00e1tico local por 4 $ por persona (s\u00f3lo ida). Nuestro equipo de la recepci\u00f3n puede ayudarte.   <\/p>\n\n<div class=\"wp-block-uagb-advanced-heading uagb-block-08835e90\"><h2 class=\"uagb-heading-text\">\ud83c\udf3f Visitas y experiencias<\/h2><\/div>\n\n<p>Explora la fauna y los cursos de agua de Tortuguero con nuestras experiencias guiadas, perfectas para parejas, familias y amantes de la naturaleza.<\/p>\n\n<div class=\"wp-block-uagb-buttons uagb-buttons__outer-wrap uagb-btn__default-btn uagb-btn-tablet__default-btn uagb-btn-mobile__default-btn uagb-block-c78e485a\"><div class=\"uagb-buttons__wrap uagb-buttons-layout-wrap \">\n<div class=\"wp-block-uagb-buttons-child uagb-buttons__outer-wrap uagb-block-6056045b wp-block-button\"><div class=\"uagb-button__wrapper\"><a class=\"uagb-buttons-repeater wp-block-button__link\" aria-label=\"\" href=\"https:\/\/valverdetortuguero.com\/experiences\/\" rel=\"follow noopener\" target=\"_blank\" role=\"button\"><div class=\"uagb-button__link\">Descubre nuestros circuitos<\/div><\/a><\/div><\/div>\n<\/div><\/div>\n\n<p>Recomendamos planificarlo con antelaci\u00f3n, especialmente durante la temporada de anidamiento de las tortugas.<\/p>\n\n<div class=\"wp-block-uagb-advanced-heading uagb-block-1edbd69a\"><h2 class=\"uagb-heading-text\">\ud83c\udf7d\ufe0f Preguntas frecuentes<\/h2><\/div>\n\n<div style=\"height:27px\" aria-hidden=\"true\" class=\"wp-block-spacer\"><\/div>\n\n<p><strong>Desayuno:<\/strong> Incluido y servido de 6:30 a 9:30 h. Incluye un plato por comensal. Platos extra: 10 $ cada uno.    <br\/>&#8211; Si has reservado con nosotros una excursi\u00f3n que sale a las 6:00 h, tendremos caf\u00e9 o t\u00e9 y galletas listos para ti antes de la salida (sobre las 5:45 h), y volver\u00e1s al albergue sobre las 8:30 h a tiempo para desayunar.<br\/>&#8211; Si has reservado la excursi\u00f3n con otra empresa, aseg\u00farate de que te lleven de vuelta al albergue antes de las 9.30 h para no perderte el desayuno.<br\/>&#8211; Ten en cuenta que no preparamos desayunos para llevar.<\/p>\n\n<p><strong>Comida y cena:<\/strong><br\/>Ofrecemos servicio de comida y cena con un men\u00fa fijo.<br\/>Las comidas deben reservarse con al menos una hora de antelaci\u00f3n.<br\/>Para disfrutar de la mejor experiencia, te rogamos que hagas tu pedido con antelaci\u00f3n.<br\/>Encontrar\u00e1s un c\u00f3digo QR en tu habitaci\u00f3n para acceder al men\u00fa.<br\/>El restaurante sirve comidas y cenas todos los d\u00edas de 12.00 a 21.30 h.<\/p>\n\n<p><strong>Entrada<\/strong> A partir de las 14:00 h.<br\/><strong>Check-out:<\/strong> Antes de las 11:00 h.<\/p>\n\n<p><strong>Wi-Fi:<\/strong> Disponible en toda la propiedad<br\/>Contrase\u00f1a: Puravida2025<\/p>\n\n<p><strong>Pagos:<\/strong> Aceptamos efectivo y tarjetas de cr\u00e9dito (algunas visitas externas pueden requerir efectivo)<\/p>\n\n<div class=\"wp-block-uagb-advanced-heading uagb-block-66e6f908\"><h2 class=\"uagb-heading-text\">\ud83d\udcde \u00bfNecesitas ayuda?<\/h2><\/div>\n\n<p>Estaremos encantados de atenderte directamente:<\/p>\n\n<div class=\"wp-block-uagb-buttons uagb-buttons__outer-wrap uagb-btn__default-btn uagb-btn-tablet__default-btn uagb-btn-mobile__default-btn uagb-block-fbf6d5ea\"><div class=\"uagb-buttons__wrap uagb-buttons-layout-wrap \">\n<div class=\"wp-block-uagb-buttons-child uagb-buttons__outer-wrap uagb-block-a200b47a wp-block-button\"><div class=\"uagb-button__wrapper\"><a class=\"uagb-buttons-repeater wp-block-button__link\" aria-label=\"\" href=\"https:\/\/wa.me\/+50627670101\" rel=\"follow noopener\" target=\"_self\" role=\"button\"><div class=\"uagb-button__link\">whatsapp<\/div><\/a><\/div><\/div>\n\n\n\n<div class=\"wp-block-uagb-buttons-child uagb-buttons__outer-wrap uagb-block-5c4873d9 wp-block-button\"><div class=\"uagb-button__wrapper\"><a class=\"uagb-buttons-repeater wp-block-button__link\" aria-label=\"\" href=\"info@valverdetortugero.com\" rel=\"follow noopener\" target=\"_blank\" role=\"button\"><div class=\"uagb-button__link\">correo electr\u00f3nico<\/div><\/a><\/div><\/div>\n\n\n\n<div class=\"wp-block-uagb-buttons-child uagb-buttons__outer-wrap uagb-block-95d843e4 wp-block-button\"><div class=\"uagb-button__wrapper\"><a class=\"uagb-buttons-repeater wp-block-button__link\" aria-label=\"\" href=\"https:\/\/valverdetortuguero.com\/es\/\" rel=\"follow noopener\" target=\"_self\" role=\"button\"><div class=\"uagb-button__link\">p\u00e1gina web<\/div><\/a><\/div><\/div>\n<\/div><\/div>\n","protected":false},"excerpt":{"rendered":"<p>C\u00f3mo llegar a Tortuguero Gracias por elegir alojarte con nosotros en Valverde Glamping &amp; Ecolodge &#8211; \u00a1estamos encantados de darte [&hellip;]<\/p>\n","protected":false},"author":1,"featured_media":0,"parent":0,"menu_order":0,"comment_status":"closed","ping_status":"closed","template":"","meta":{"_uag_custom_page_level_css":"","site-sidebar-layout":"default","site-content-layout":"","ast-site-content-layout":"default","site-content-style":"default","site-sidebar-style":"default","ast-global-header-display":"","ast-banner-title-visibility":"","ast-main-header-display":"","ast-hfb-above-header-display":"","ast-hfb-below-header-display":"","ast-hfb-mobile-header-display":"","site-post-title":"","ast-breadcrumbs-content":"","ast-featured-img":"","footer-sml-layout":"","ast-disable-related-posts":"","theme-transparent-header-meta":"","adv-header-id-meta":"","stick-header-meta":"","header-above-stick-meta":"","header-main-stick-meta":"","header-below-stick-meta":"","astra-migrate-meta-layouts":"set","ast-page-background-enabled":"default","ast-page-background-meta":{"desktop":{"background-color":"var(--ast-global-color-4)","background-image":"","background-repeat":"repeat","background-position":"center center","background-size":"auto","background-attachment":"scroll","background-type":"","background-media":"","overlay-type":"","overlay-color":"","overlay-opacity":"","overlay-gradient":""},"tablet":{"background-color":"","background-image":"","background-repeat":"repeat","background-position":"center center","background-size":"auto","background-attachment":"scroll","background-type":"","background-media":"","overlay-type":"","overlay-color":"","overlay-opacity":"","overlay-gradient":""},"mobile":{"background-color":"","background-image":"","background-repeat":"repeat","background-position":"center center","background-size":"auto","background-attachment":"scroll","background-type":"","background-media":"","overlay-type":"","overlay-color":"","overlay-opacity":"","overlay-gradient":""}},"ast-content-background-meta":{"desktop":{"background-color":"var(--ast-global-color-5)","background-image":"","background-repeat":"repeat","background-position":"center center","background-size":"auto","background-attachment":"scroll","background-type":"","background-media":"","overlay-type":"","overlay-color":"","overlay-opacity":"","overlay-gradient":""},"tablet":{"background-color":"var(--ast-global-color-5)","background-image":"","background-repeat":"repeat","background-position":"center center","background-size":"auto","background-attachment":"scroll","background-type":"","background-media":"","overlay-type":"","overlay-color":"","overlay-opacity":"","overlay-gradient":""},"mobile":{"background-color":"var(--ast-global-color-5)","background-image":"","background-repeat":"repeat","background-position":"center center","background-size":"auto","background-attachment":"scroll","background-type":"","background-media":"","overlay-type":"","overlay-color":"","overlay-opacity":"","overlay-gradient":""}},"footnotes":""},"class_list":["post-4606","page","type-page","status-publish","hentry"],"yoast_head":"<!-- This site is optimized with the Yoast SEO plugin v27.4 - https:\/\/yoast.com\/product\/yoast-seo-wordpress\/ -->\n<title>Guest-info | Valverde Glamping &amp; Ecolodge<\/title>\n<meta name=\"robots\" content=\"index, follow, max-snippet:-1, max-image-preview:large, max-video-preview:-1\" \/>\n<link rel=\"canonical\" href=\"https:\/\/valverdetortuguero.com\/es\/guest-info\/\" \/>\n<meta property=\"og:locale\" content=\"es_ES\" \/>\n<meta property=\"og:type\" content=\"article\" \/>\n<meta property=\"og:title\" content=\"Guest-info | Valverde Glamping &amp; Ecolodge\" \/>\n<meta property=\"og:description\" content=\"C\u00f3mo llegar a Tortuguero Gracias por elegir alojarte con nosotros en Valverde Glamping &amp; Ecolodge &#8211; \u00a1estamos encantados de darte [&hellip;]\" \/>\n<meta property=\"og:url\" content=\"https:\/\/valverdetortuguero.com\/es\/guest-info\/\" \/>\n<meta property=\"og:site_name\" content=\"Valverde Glamping &amp; Ecolodge\" \/>\n<meta property=\"article:publisher\" content=\"https:\/\/www.facebook.com\/valverdetortuguero\" \/>\n<meta property=\"article:modified_time\" content=\"2026-02-02T22:34:59+00:00\" \/>\n<meta property=\"og:image\" content=\"https:\/\/valverdetortuguero.com\/wp-content\/uploads\/2024\/12\/1200x500.jpg\" \/>\n\t<meta property=\"og:image:width\" content=\"1200\" \/>\n\t<meta property=\"og:image:height\" content=\"500\" \/>\n\t<meta property=\"og:image:type\" content=\"image\/jpeg\" \/>\n<meta name=\"twitter:card\" content=\"summary_large_image\" \/>\n<meta name=\"twitter:label1\" content=\"Tiempo de lectura\" \/>\n\t<meta name=\"twitter:data1\" content=\"3 minutos\" \/>\n<script type=\"application\/ld+json\" class=\"yoast-schema-graph\">{\"@context\":\"https:\\\/\\\/schema.org\",\"@graph\":[{\"@type\":\"WebPage\",\"@id\":\"https:\\\/\\\/valverdetortuguero.com\\\/es\\\/guest-info\\\/\",\"url\":\"https:\\\/\\\/valverdetortuguero.com\\\/es\\\/guest-info\\\/\",\"name\":\"Guest-info | Valverde Glamping &amp; Ecolodge\",\"isPartOf\":{\"@id\":\"https:\\\/\\\/valverdetortuguero.com\\\/es\\\/#website\"},\"datePublished\":\"2025-07-22T16:08:30+00:00\",\"dateModified\":\"2026-02-02T22:34:59+00:00\",\"breadcrumb\":{\"@id\":\"https:\\\/\\\/valverdetortuguero.com\\\/es\\\/guest-info\\\/#breadcrumb\"},\"inLanguage\":\"es\",\"potentialAction\":[{\"@type\":\"ReadAction\",\"target\":[\"https:\\\/\\\/valverdetortuguero.com\\\/es\\\/guest-info\\\/\"]}]},{\"@type\":\"BreadcrumbList\",\"@id\":\"https:\\\/\\\/valverdetortuguero.com\\\/es\\\/guest-info\\\/#breadcrumb\",\"itemListElement\":[{\"@type\":\"ListItem\",\"position\":1,\"name\":\"Portada\",\"item\":\"https:\\\/\\\/valverdetortuguero.com\\\/es\\\/\"},{\"@type\":\"ListItem\",\"position\":2,\"name\":\"Guest-info\"}]},{\"@type\":\"WebSite\",\"@id\":\"https:\\\/\\\/valverdetortuguero.com\\\/es\\\/#website\",\"url\":\"https:\\\/\\\/valverdetortuguero.com\\\/es\\\/\",\"name\":\"Valverde Glamping & Ecolodge\",\"description\":\"Where Comfort and Nature Unite in the Heart of Tortuguero.\",\"publisher\":{\"@id\":\"https:\\\/\\\/valverdetortuguero.com\\\/es\\\/#organization\"},\"alternateName\":\"Valverde Tortuguero\",\"potentialAction\":[{\"@type\":\"SearchAction\",\"target\":{\"@type\":\"EntryPoint\",\"urlTemplate\":\"https:\\\/\\\/valverdetortuguero.com\\\/es\\\/?s={search_term_string}\"},\"query-input\":{\"@type\":\"PropertyValueSpecification\",\"valueRequired\":true,\"valueName\":\"search_term_string\"}}],\"inLanguage\":\"es\"},{\"@type\":\"Organization\",\"@id\":\"https:\\\/\\\/valverdetortuguero.com\\\/es\\\/#organization\",\"name\":\"Valverde Glamping &amp; Ecolodge\",\"alternateName\":\"Valverde Tortuguero\",\"url\":\"https:\\\/\\\/valverdetortuguero.com\\\/es\\\/\",\"logo\":{\"@type\":\"ImageObject\",\"inLanguage\":\"es\",\"@id\":\"https:\\\/\\\/valverdetortuguero.com\\\/es\\\/#\\\/schema\\\/logo\\\/image\\\/\",\"url\":\"https:\\\/\\\/valverdetortuguero.com\\\/wp-content\\\/uploads\\\/2024\\\/12\\\/Flor-500x500-1.jpg\",\"contentUrl\":\"https:\\\/\\\/valverdetortuguero.com\\\/wp-content\\\/uploads\\\/2024\\\/12\\\/Flor-500x500-1.jpg\",\"width\":511,\"height\":512,\"caption\":\"Valverde Glamping &amp; Ecolodge\"},\"image\":{\"@id\":\"https:\\\/\\\/valverdetortuguero.com\\\/es\\\/#\\\/schema\\\/logo\\\/image\\\/\"},\"sameAs\":[\"https:\\\/\\\/www.facebook.com\\\/valverdetortuguero\",\"https:\\\/\\\/www.instagram.com\\\/valverdetortuguero\"]}]}<\/script>\n<!-- \/ Yoast SEO plugin. -->","yoast_head_json":{"title":"Guest-info | Valverde Glamping &amp; Ecolodge","robots":{"index":"index","follow":"follow","max-snippet":"max-snippet:-1","max-image-preview":"max-image-preview:large","max-video-preview":"max-video-preview:-1"},"canonical":"https:\/\/valverdetortuguero.com\/es\/guest-info\/","og_locale":"es_ES","og_type":"article","og_title":"Guest-info | Valverde Glamping &amp; Ecolodge","og_description":"C\u00f3mo llegar a Tortuguero Gracias por elegir alojarte con nosotros en Valverde Glamping &amp; Ecolodge &#8211; \u00a1estamos encantados de darte [&hellip;]","og_url":"https:\/\/valverdetortuguero.com\/es\/guest-info\/","og_site_name":"Valverde Glamping &amp; Ecolodge","article_publisher":"https:\/\/www.facebook.com\/valverdetortuguero","article_modified_time":"2026-02-02T22:34:59+00:00","og_image":[{"width":1200,"height":500,"url":"https:\/\/valverdetortuguero.com\/wp-content\/uploads\/2024\/12\/1200x500.jpg","type":"image\/jpeg"}],"twitter_card":"summary_large_image","twitter_misc":{"Tiempo de lectura":"3 minutos"},"schema":{"@context":"https:\/\/schema.org","@graph":[{"@type":"WebPage","@id":"https:\/\/valverdetortuguero.com\/es\/guest-info\/","url":"https:\/\/valverdetortuguero.com\/es\/guest-info\/","name":"Guest-info | Valverde Glamping &amp; Ecolodge","isPartOf":{"@id":"https:\/\/valverdetortuguero.com\/es\/#website"},"datePublished":"2025-07-22T16:08:30+00:00","dateModified":"2026-02-02T22:34:59+00:00","breadcrumb":{"@id":"https:\/\/valverdetortuguero.com\/es\/guest-info\/#breadcrumb"},"inLanguage":"es","potentialAction":[{"@type":"ReadAction","target":["https:\/\/valverdetortuguero.com\/es\/guest-info\/"]}]},{"@type":"BreadcrumbList","@id":"https:\/\/valverdetortuguero.com\/es\/guest-info\/#breadcrumb","itemListElement":[{"@type":"ListItem","position":1,"name":"Portada","item":"https:\/\/valverdetortuguero.com\/es\/"},{"@type":"ListItem","position":2,"name":"Guest-info"}]},{"@type":"WebSite","@id":"https:\/\/valverdetortuguero.com\/es\/#website","url":"https:\/\/valverdetortuguero.com\/es\/","name":"Valverde Glamping & Ecolodge","description":"Where Comfort and Nature Unite in the Heart of Tortuguero.","publisher":{"@id":"https:\/\/valverdetortuguero.com\/es\/#organization"},"alternateName":"Valverde Tortuguero","potentialAction":[{"@type":"SearchAction","target":{"@type":"EntryPoint","urlTemplate":"https:\/\/valverdetortuguero.com\/es\/?s={search_term_string}"},"query-input":{"@type":"PropertyValueSpecification","valueRequired":true,"valueName":"search_term_string"}}],"inLanguage":"es"},{"@type":"Organization","@id":"https:\/\/valverdetortuguero.com\/es\/#organization","name":"Valverde Glamping &amp; Ecolodge","alternateName":"Valverde Tortuguero","url":"https:\/\/valverdetortuguero.com\/es\/","logo":{"@type":"ImageObject","inLanguage":"es","@id":"https:\/\/valverdetortuguero.com\/es\/#\/schema\/logo\/image\/","url":"https:\/\/valverdetortuguero.com\/wp-content\/uploads\/2024\/12\/Flor-500x500-1.jpg","contentUrl":"https:\/\/valverdetortuguero.com\/wp-content\/uploads\/2024\/12\/Flor-500x500-1.jpg","width":511,"height":512,"caption":"Valverde Glamping &amp; Ecolodge"},"image":{"@id":"https:\/\/valverdetortuguero.com\/es\/#\/schema\/logo\/image\/"},"sameAs":["https:\/\/www.facebook.com\/valverdetortuguero","https:\/\/www.instagram.com\/valverdetortuguero"]}]}},"uagb_featured_image_src":{"full":false,"thumbnail":false,"medium":false,"medium_large":false,"large":false,"1536x1536":false,"2048x2048":false},"uagb_author_info":{"display_name":"kayvalverde@gmail.com","author_link":"https:\/\/valverdetortuguero.com\/es\/author\/kayvalverdegmail-com\/"},"uagb_comment_info":0,"uagb_excerpt":"C\u00f3mo llegar a Tortuguero Gracias por elegir alojarte con nosotros en Valverde Glamping &amp; Ecolodge &#8211; \u00a1estamos encantados de darte [&hellip;]","_links":{"self":[{"href":"https:\/\/valverdetortuguero.com\/es\/wp-json\/wp\/v2\/pages\/4606","targetHints":{"allow":["GET"]}}],"collection":[{"href":"https:\/\/valverdetortuguero.com\/es\/wp-json\/wp\/v2\/pages"}],"about":[{"href":"https:\/\/valverdetortuguero.com\/es\/wp-json\/wp\/v2\/types\/page"}],"author":[{"embeddable":true,"href":"https:\/\/valverdetortuguero.com\/es\/wp-json\/wp\/v2\/users\/1"}],"replies":[{"embeddable":true,"href":"https:\/\/valverdetortuguero.com\/es\/wp-json\/wp\/v2\/comments?post=4606"}],"version-history":[{"count":5,"href":"https:\/\/valverdetortuguero.com\/es\/wp-json\/wp\/v2\/pages\/4606\/revisions"}],"predecessor-version":[{"id":4661,"href":"https:\/\/valverdetortuguero.com\/es\/wp-json\/wp\/v2\/pages\/4606\/revisions\/4661"}],"wp:attachment":[{"href":"https:\/\/valverdetortuguero.com\/es\/wp-json\/wp\/v2\/media?parent=4606"}],"curies":[{"name":"wp","href":"https:\/\/api.w.org\/{rel}","templated":true}]}}