{"id":4604,"date":"2025-07-22T16:08:30","date_gmt":"2025-07-22T16:08:30","guid":{"rendered":"https:\/\/valverdetortuguero.com\/gaeste-infos\/"},"modified":"2025-08-08T21:27:01","modified_gmt":"2025-08-08T21:27:01","slug":"gaeste-infos","status":"publish","type":"page","link":"https:\/\/valverdetortuguero.com\/de\/gaeste-infos\/","title":{"rendered":"G\u00e4ste-Infos"},"content":{"rendered":"\n<div class=\"wp-block-uagb-container uagb-block-cca0bfcd alignfull uagb-is-root-container\"><div class=\"uagb-container-inner-blocks-wrap\">\n<div class=\"wp-block-cover alignfull has-parallax wp-duotone-unset-1\" style=\"margin-top:0;padding-top:48px;padding-right:48px;padding-bottom:48px;padding-left:48px;min-height:66vh;aspect-ratio:unset;\"><div role=\"img\" aria-label=\"Vista a\u00e9rea Valverde Glamping &amp; Ecolodge\" class=\"wp-block-cover__image-background wp-image-4556 size-full has-parallax\" style=\"background-position:50% 50%;background-image:url(https:\/\/valverdetortuguero.com\/wp-content\/uploads\/2025\/06\/Aerea-desde-atras-horizontal-scaled.jpeg)\"><\/div><span aria-hidden=\"true\" class=\"wp-block-cover__background has-background-dim-30 has-background-dim\" style=\"background-color:#688480\"><\/span><div class=\"wp-block-cover__inner-container is-layout-flow wp-block-cover-is-layout-flow\">\n<div class=\"wp-block-group is-content-justification-left is-layout-constrained wp-container-core-group-is-layout-c14b6166 wp-block-group-is-layout-constrained\">\n<h1 class=\"wp-block-heading has-text-align-center has-white-color has-text-color\" style=\"font-size:40px;font-style:normal;font-weight:700;letter-spacing:0px;line-height:1;text-transform:none\">WILLKOMMEN AUF<br\/>Valverde Glamping &amp; Ecolodge  <\/h1>\n<\/div>\n\n\n\n<p class=\"has-text-align-center has-ast-global-color-5-color has-text-color has-link-color wp-elements-9bbd9e97caa9941154b4a719d1588051\">Alles, was Sie wissen m\u00fcssen, um sich auf Ihren Aufenthalt vorzubereiten<\/p>\n<\/div><\/div>\n<\/div><\/div>\n\n<p><\/p>\n\n<div class=\"wp-block-uagb-container uagb-block-b16d642e alignfull uagb-is-root-container\"><div class=\"uagb-container-inner-blocks-wrap\">\n<h2 class=\"wp-block-heading has-text-align-center\">Anreise nach Tortuguero<\/h2>\n<\/div><\/div>\n\n<p class=\"has-text-align-center\">Vielen Dank, dass Sie sich f\u00fcr einen Aufenthalt bei uns im Valverde Glamping &amp; Ecolodge entschieden haben &#8211; wir freuen uns, Sie in Tortuguero begr\u00fc\u00dfen zu d\u00fcrfen!<br\/>Nachfolgend finden Sie alle wichtigen Informationen, die Ihnen helfen, sich auf Ihren Besuch vorzubereiten und das Beste aus Ihrem Aufenthalt zu machen.<br\/>Valverde liegt innerhalb des Tortuguero Nationalparks und ist nur per Boot erreichbar. Hier finden Sie alles, was Sie im Voraus wissen m\u00fcssen, um Ihre Reise Schritt f\u00fcr Schritt zu planen:<br\/>\ud83d\udc49 F\u00fcr eine Wegbeschreibung zum La Pavona Bootsanleger, <a href=\"https:\/\/maps.app.goo.gl\/GYKo5hPv2hC2m5g2A\">KLICKEN SIE HIER<\/a> <\/p>\n\n<div class=\"wp-block-uagb-advanced-heading uagb-block-bdcb6877\"><h2 class=\"uagb-heading-text\">\ud83c\udd7f\ufe0f Parken in La Pavona<\/h2><\/div>\n\n<p>Wenn Sie mit dem Auto unterwegs sind, empfehlen wir Ihnen, bei einem vertrauensw\u00fcrdigen Partner in La Pavona zu parken:<\/p>\n\n<div class=\"wp-block-buttons is-content-justification-left is-layout-flex wp-container-core-buttons-is-layout-fc4fd283 wp-block-buttons-is-layout-flex\">\n<div class=\"wp-block-button\"><a class=\"wp-block-button__link has-text-align-center wp-element-button\" href=\"https:\/\/book.peek.com\/s\/0de9be3e-e573-4559-8890-756e5fa8648a\/XRE6X\" target=\"_blank\" rel=\"noreferrer noopener\">Buchen Sie hier einen Parkplatz<\/a><\/div>\n<\/div>\n\n<p>Der Stellplatz wird von einem Drittanbieter verwaltet und bietet 24\/7 Sicherheit, Toiletten und einen direkten Zugang zum Bootsanleger.<\/p>\n\n<div class=\"wp-block-uagb-advanced-heading uagb-block-7d359255\"><h2 class=\"uagb-heading-text\">\ud83d\udea4 Bootstransfer von La Pavona nach Valverde<\/h2><\/div>\n\n<p>Wenn Sie Ihr Bootsticket \u00fcber unsere Website buchen, beinhaltet Ihr Transfer den Transport bis zum privaten Anlegeplatz von Valverde, ohne dass Sie zus\u00e4tzliche Taxis koordinieren m\u00fcssen.<\/p>\n\n<div class=\"wp-block-uagb-buttons uagb-buttons__outer-wrap uagb-btn__default-btn uagb-btn-tablet__default-btn uagb-btn-mobile__default-btn uagb-block-4b89710d\"><div class=\"uagb-buttons__wrap uagb-buttons-layout-wrap \">\n<div class=\"wp-block-uagb-buttons-child uagb-buttons__outer-wrap uagb-block-a4b8c37e wp-block-button\"><div class=\"uagb-button__wrapper\"><a class=\"uagb-buttons-repeater wp-block-button__link\" aria-label=\"\" href=\"https:\/\/book.peek.com\/s\/0de9be3e-e573-4559-8890-756e5fa8648a\/y0OXW\" rel=\"follow noopener\" target=\"_blank\" role=\"button\"><div class=\"uagb-button__link\">Buchen Sie Ihren Bootstransfer<\/div><\/a><\/div><\/div>\n<\/div><\/div>\n\n<p>Dies ist die bequemste und direkteste Option.<\/p>\n\n<div class=\"wp-block-uagb-advanced-heading uagb-block-7317862c\"><h2 class=\"uagb-heading-text\">Kostenlose Transfers zum\/vom Tortuguero Village (f\u00fcr G\u00e4ste)<\/h2><\/div>\n\n<p>Wenn Sie in Valverde wohnen, bieten wir Ihnen zu den folgenden Zeiten einen kostenlosen Bootstransfer zwischen der Lodge und dem Dorf Tortuguero an:<br\/>* 11:00<br\/>* 15:00<br\/>* 17.00<br\/>Au\u00dferhalb dieser Zeiten k\u00f6nnen Sie ein lokales Wassertaxi f\u00fcr $4 pro Person (einfache Fahrt) benutzen. Unser Team an der Rezeption kann Ihnen dabei helfen.   <\/p>\n\n<div class=\"wp-block-uagb-advanced-heading uagb-block-08835e90\"><h2 class=\"uagb-heading-text\">\ud83c\udf3f Touren &amp; Erlebnisse<\/h2><\/div>\n\n<p>Erkunden Sie die Tierwelt und die Wasserwege von Tortuguero mit unseren gef\u00fchrten Ausfl\u00fcgen, die perfekt f\u00fcr Paare, Familien und Naturliebhaber sind.<\/p>\n\n<div class=\"wp-block-uagb-buttons uagb-buttons__outer-wrap uagb-btn__default-btn uagb-btn-tablet__default-btn uagb-btn-mobile__default-btn uagb-block-c78e485a\"><div class=\"uagb-buttons__wrap uagb-buttons-layout-wrap \">\n<div class=\"wp-block-uagb-buttons-child uagb-buttons__outer-wrap uagb-block-6056045b wp-block-button\"><div class=\"uagb-button__wrapper\"><a class=\"uagb-buttons-repeater wp-block-button__link\" aria-label=\"\" href=\"https:\/\/valverdetortuguero.com\/experiences\/\" rel=\"follow noopener\" target=\"_blank\" role=\"button\"><div class=\"uagb-button__link\">Entdecken Sie unsere Touren<\/div><\/a><\/div><\/div>\n<\/div><\/div>\n\n<p>Wir empfehlen eine vorausschauende Planung, insbesondere w\u00e4hrend der Nistzeit der Schildkr\u00f6ten.<\/p>\n\n<div class=\"wp-block-uagb-advanced-heading uagb-block-1edbd69a\"><h2 class=\"uagb-heading-text\">\ud83c\udf7d\ufe0f H\u00e4ufig gestellte Fragen<\/h2><\/div>\n\n<div style=\"height:27px\" aria-hidden=\"true\" class=\"wp-block-spacer\"><\/div>\n\n<p><strong>Fr\u00fchst\u00fcck:<\/strong> Inbegriffen und serviert von 6:30 bis 9:30 Uhr. Beinhaltet einen Men\u00fcpunkt pro Gast. Zus\u00e4tzliche Gerichte: $10 pro St\u00fcck.    <br\/>&#8211; Wenn Sie bei uns eine Tour gebucht haben, die um 6:00 Uhr morgens beginnt, halten wir vor der Abfahrt (gegen 5:45 Uhr) Kaffee oder Tee und Kekse f\u00fcr Sie bereit, und Sie kehren gegen 8:30 Uhr rechtzeitig zum Fr\u00fchst\u00fcck in die Lodge zur\u00fcck.<br\/>&#8211; Wenn Sie Ihre Tour mit einem anderen Unternehmen gebucht haben, stellen Sie bitte sicher, dass dieses Sie vor 9:30 Uhr zur\u00fcck zur Lodge bringt, damit Sie das Fr\u00fchst\u00fcck nicht verpassen.<br\/>&#8211; Bitte beachten Sie, dass wir kein Fr\u00fchst\u00fcck zum Mitnehmen zubereiten.<\/p>\n\n<p><strong>Mittag- und Abendessen:<\/strong><br\/>Wir bieten Mittag- und Abendessen mit einem festen Men\u00fc an.<br\/>Die Mahlzeiten m\u00fcssen mindestens eine Stunde im Voraus reserviert werden.<br\/>F\u00fcr ein optimales Erlebnis empfehlen wir unseren G\u00e4sten, eine Vorbestellung aufzugeben.<br\/>In Ihrem Zimmer finden Sie einen QR-Code, mit dem Sie das Men\u00fc aufrufen k\u00f6nnen.<br\/>Das Restaurant serviert Mittag- und Abendessen t\u00e4glich von 12:00 bis 21:30 Uhr.<\/p>\n\n<p><strong>Einchecken:<\/strong> Ab 14:00 Uhr<br\/><strong>Check-out:<\/strong> Bis 11:00 Uhr.<\/p>\n\n<p><strong>Wi-Fi:<\/strong> Im gesamten Geb\u00e4ude verf\u00fcgbar<br\/>Passwort: Puravida2025<\/p>\n\n<p><strong>Bezahlungen:<\/strong> Wir akzeptieren Bargeld und Kreditkarten (einige externe Touren k\u00f6nnen Bargeld erfordern)<\/p>\n\n<div class=\"wp-block-uagb-advanced-heading uagb-block-66e6f908\"><h2 class=\"uagb-heading-text\">\ud83d\udcde Brauchen Sie Hilfe?<\/h2><\/div>\n\n<p>Wir helfen Ihnen gerne direkt weiter:<\/p>\n\n<div class=\"wp-block-uagb-buttons uagb-buttons__outer-wrap uagb-btn__default-btn uagb-btn-tablet__default-btn uagb-btn-mobile__default-btn uagb-block-fbf6d5ea\"><div class=\"uagb-buttons__wrap uagb-buttons-layout-wrap \">\n<div class=\"wp-block-uagb-buttons-child uagb-buttons__outer-wrap uagb-block-a200b47a wp-block-button\"><div class=\"uagb-button__wrapper\"><a class=\"uagb-buttons-repeater wp-block-button__link\" aria-label=\"\" href=\"https:\/\/wa.me\/+50627670101\" rel=\"follow noopener\" target=\"_self\" role=\"button\"><div class=\"uagb-button__link\">whatsapp<\/div><\/a><\/div><\/div>\n\n\n\n<div class=\"wp-block-uagb-buttons-child uagb-buttons__outer-wrap uagb-block-5c4873d9 wp-block-button\"><div class=\"uagb-button__wrapper\"><a class=\"uagb-buttons-repeater wp-block-button__link\" aria-label=\"\" href=\"info@valverdetortugero.com\" rel=\"follow noopener\" target=\"_blank\" role=\"button\"><div class=\"uagb-button__link\">E-Mail<\/div><\/a><\/div><\/div>\n\n\n\n<div class=\"wp-block-uagb-buttons-child uagb-buttons__outer-wrap uagb-block-95d843e4 wp-block-button\"><div class=\"uagb-button__wrapper\"><a class=\"uagb-buttons-repeater wp-block-button__link\" aria-label=\"\" href=\"https:\/\/valverdetortuguero.com\/de\/\" rel=\"follow noopener\" target=\"_self\" role=\"button\"><div class=\"uagb-button__link\">Website<\/div><\/a><\/div><\/div>\n<\/div><\/div>\n","protected":false},"excerpt":{"rendered":"<p>Anreise nach Tortuguero Vielen Dank, dass Sie sich f\u00fcr einen Aufenthalt bei uns im Valverde Glamping &amp; Ecolodge entschieden haben [&hellip;]<\/p>\n","protected":false},"author":1,"featured_media":0,"parent":0,"menu_order":0,"comment_status":"closed","ping_status":"closed","template":"","meta":{"_uag_custom_page_level_css":"","site-sidebar-layout":"default","site-content-layout":"","ast-site-content-layout":"default","site-content-style":"default","site-sidebar-style":"default","ast-global-header-display":"","ast-banner-title-visibility":"","ast-main-header-display":"","ast-hfb-above-header-display":"","ast-hfb-below-header-display":"","ast-hfb-mobile-header-display":"","site-post-title":"","ast-breadcrumbs-content":"","ast-featured-img":"","footer-sml-layout":"","ast-disable-related-posts":"","theme-transparent-header-meta":"","adv-header-id-meta":"","stick-header-meta":"","header-above-stick-meta":"","header-main-stick-meta":"","header-below-stick-meta":"","astra-migrate-meta-layouts":"einstellen.","ast-page-background-enabled":"default","ast-page-background-meta":{"desktop":{"background-color":"var(--ast-global-color-4)","background-image":"","background-repeat":"repeat","background-position":"center center","background-size":"auto","background-attachment":"scroll","background-type":"","background-media":"","overlay-type":"","overlay-color":"","overlay-opacity":"","overlay-gradient":""},"tablet":{"background-color":"","background-image":"","background-repeat":"repeat","background-position":"center center","background-size":"auto","background-attachment":"scroll","background-type":"","background-media":"","overlay-type":"","overlay-color":"","overlay-opacity":"","overlay-gradient":""},"mobile":{"background-color":"","background-image":"","background-repeat":"repeat","background-position":"center center","background-size":"auto","background-attachment":"scroll","background-type":"","background-media":"","overlay-type":"","overlay-color":"","overlay-opacity":"","overlay-gradient":""}},"ast-content-background-meta":{"desktop":{"background-color":"var(--ast-global-color-5)","background-image":"","background-repeat":"repeat","background-position":"center center","background-size":"auto","background-attachment":"scroll","background-type":"","background-media":"","overlay-type":"","overlay-color":"","overlay-opacity":"","overlay-gradient":""},"tablet":{"background-color":"var(--ast-global-color-5)","background-image":"","background-repeat":"repeat","background-position":"center center","background-size":"auto","background-attachment":"scroll","background-type":"","background-media":"","overlay-type":"","overlay-color":"","overlay-opacity":"","overlay-gradient":""},"mobile":{"background-color":"var(--ast-global-color-5)","background-image":"","background-repeat":"repeat","background-position":"center center","background-size":"auto","background-attachment":"scroll","background-type":"","background-media":"","overlay-type":"","overlay-color":"","overlay-opacity":"","overlay-gradient":""}},"footnotes":""},"class_list":["post-4604","page","type-page","status-publish","hentry"],"yoast_head":"<!-- This site is optimized with the Yoast SEO plugin v27.4 - https:\/\/yoast.com\/product\/yoast-seo-wordpress\/ -->\n<title>G\u00e4ste-Infos | Valverde Glamping &amp; Ecolodge<\/title>\n<meta name=\"robots\" content=\"index, follow, max-snippet:-1, max-image-preview:large, max-video-preview:-1\" \/>\n<link rel=\"canonical\" href=\"https:\/\/valverdetortuguero.com\/de\/gaeste-infos\/\" \/>\n<meta property=\"og:locale\" content=\"de_DE\" \/>\n<meta property=\"og:type\" content=\"article\" \/>\n<meta property=\"og:title\" content=\"G\u00e4ste-Infos | Valverde Glamping &amp; Ecolodge\" \/>\n<meta property=\"og:description\" content=\"Anreise nach Tortuguero Vielen Dank, dass Sie sich f\u00fcr einen Aufenthalt bei uns im Valverde Glamping &amp; Ecolodge entschieden haben [&hellip;]\" \/>\n<meta property=\"og:url\" content=\"https:\/\/valverdetortuguero.com\/de\/gaeste-infos\/\" \/>\n<meta property=\"og:site_name\" content=\"Valverde Glamping &amp; Ecolodge\" \/>\n<meta property=\"article:publisher\" content=\"https:\/\/www.facebook.com\/valverdetortuguero\" \/>\n<meta property=\"article:modified_time\" content=\"2025-08-08T21:27:01+00:00\" \/>\n<meta property=\"og:image\" content=\"https:\/\/valverdetortuguero.com\/wp-content\/uploads\/2024\/12\/1200x500.jpg\" \/>\n\t<meta property=\"og:image:width\" content=\"1200\" \/>\n\t<meta property=\"og:image:height\" content=\"500\" \/>\n\t<meta property=\"og:image:type\" content=\"image\/jpeg\" \/>\n<meta name=\"twitter:card\" content=\"summary_large_image\" \/>\n<meta name=\"twitter:label1\" content=\"Gesch\u00e4tzte Lesezeit\" \/>\n\t<meta name=\"twitter:data1\" content=\"3 Minuten\" \/>\n<script type=\"application\/ld+json\" class=\"yoast-schema-graph\">{\"@context\":\"https:\\\/\\\/schema.org\",\"@graph\":[{\"@type\":\"WebPage\",\"@id\":\"https:\\\/\\\/valverdetortuguero.com\\\/de\\\/gaeste-infos\\\/\",\"url\":\"https:\\\/\\\/valverdetortuguero.com\\\/de\\\/gaeste-infos\\\/\",\"name\":\"G\u00e4ste-Infos | Valverde Glamping &amp; Ecolodge\",\"isPartOf\":{\"@id\":\"https:\\\/\\\/valverdetortuguero.com\\\/de\\\/#website\"},\"datePublished\":\"2025-07-22T16:08:30+00:00\",\"dateModified\":\"2025-08-08T21:27:01+00:00\",\"breadcrumb\":{\"@id\":\"https:\\\/\\\/valverdetortuguero.com\\\/de\\\/gaeste-infos\\\/#breadcrumb\"},\"inLanguage\":\"de\",\"potentialAction\":[{\"@type\":\"ReadAction\",\"target\":[\"https:\\\/\\\/valverdetortuguero.com\\\/de\\\/gaeste-infos\\\/\"]}]},{\"@type\":\"BreadcrumbList\",\"@id\":\"https:\\\/\\\/valverdetortuguero.com\\\/de\\\/gaeste-infos\\\/#breadcrumb\",\"itemListElement\":[{\"@type\":\"ListItem\",\"position\":1,\"name\":\"Portada\",\"item\":\"https:\\\/\\\/valverdetortuguero.com\\\/de\\\/\"},{\"@type\":\"ListItem\",\"position\":2,\"name\":\"G\u00e4ste-Infos\"}]},{\"@type\":\"WebSite\",\"@id\":\"https:\\\/\\\/valverdetortuguero.com\\\/de\\\/#website\",\"url\":\"https:\\\/\\\/valverdetortuguero.com\\\/de\\\/\",\"name\":\"Valverde Glamping & Ecolodge\",\"description\":\"Where Comfort and Nature Unite in the Heart of Tortuguero.\",\"publisher\":{\"@id\":\"https:\\\/\\\/valverdetortuguero.com\\\/de\\\/#organization\"},\"alternateName\":\"Valverde Tortuguero\",\"potentialAction\":[{\"@type\":\"SearchAction\",\"target\":{\"@type\":\"EntryPoint\",\"urlTemplate\":\"https:\\\/\\\/valverdetortuguero.com\\\/de\\\/?s={search_term_string}\"},\"query-input\":{\"@type\":\"PropertyValueSpecification\",\"valueRequired\":true,\"valueName\":\"search_term_string\"}}],\"inLanguage\":\"de\"},{\"@type\":\"Organization\",\"@id\":\"https:\\\/\\\/valverdetortuguero.com\\\/de\\\/#organization\",\"name\":\"Valverde Glamping &amp; Ecolodge\",\"alternateName\":\"Valverde Tortuguero\",\"url\":\"https:\\\/\\\/valverdetortuguero.com\\\/de\\\/\",\"logo\":{\"@type\":\"ImageObject\",\"inLanguage\":\"de\",\"@id\":\"https:\\\/\\\/valverdetortuguero.com\\\/de\\\/#\\\/schema\\\/logo\\\/image\\\/\",\"url\":\"https:\\\/\\\/valverdetortuguero.com\\\/wp-content\\\/uploads\\\/2024\\\/12\\\/Flor-500x500-1.jpg\",\"contentUrl\":\"https:\\\/\\\/valverdetortuguero.com\\\/wp-content\\\/uploads\\\/2024\\\/12\\\/Flor-500x500-1.jpg\",\"width\":511,\"height\":512,\"caption\":\"Valverde Glamping &amp; Ecolodge\"},\"image\":{\"@id\":\"https:\\\/\\\/valverdetortuguero.com\\\/de\\\/#\\\/schema\\\/logo\\\/image\\\/\"},\"sameAs\":[\"https:\\\/\\\/www.facebook.com\\\/valverdetortuguero\",\"https:\\\/\\\/www.instagram.com\\\/valverdetortuguero\"]}]}<\/script>\n<!-- \/ Yoast SEO plugin. -->","yoast_head_json":{"title":"G\u00e4ste-Infos | Valverde Glamping &amp; Ecolodge","robots":{"index":"index","follow":"follow","max-snippet":"max-snippet:-1","max-image-preview":"max-image-preview:large","max-video-preview":"max-video-preview:-1"},"canonical":"https:\/\/valverdetortuguero.com\/de\/gaeste-infos\/","og_locale":"de_DE","og_type":"article","og_title":"G\u00e4ste-Infos | Valverde Glamping &amp; Ecolodge","og_description":"Anreise nach Tortuguero Vielen Dank, dass Sie sich f\u00fcr einen Aufenthalt bei uns im Valverde Glamping &amp; Ecolodge entschieden haben [&hellip;]","og_url":"https:\/\/valverdetortuguero.com\/de\/gaeste-infos\/","og_site_name":"Valverde Glamping &amp; Ecolodge","article_publisher":"https:\/\/www.facebook.com\/valverdetortuguero","article_modified_time":"2025-08-08T21:27:01+00:00","og_image":[{"width":1200,"height":500,"url":"https:\/\/valverdetortuguero.com\/wp-content\/uploads\/2024\/12\/1200x500.jpg","type":"image\/jpeg"}],"twitter_card":"summary_large_image","twitter_misc":{"Gesch\u00e4tzte Lesezeit":"3 Minuten"},"schema":{"@context":"https:\/\/schema.org","@graph":[{"@type":"WebPage","@id":"https:\/\/valverdetortuguero.com\/de\/gaeste-infos\/","url":"https:\/\/valverdetortuguero.com\/de\/gaeste-infos\/","name":"G\u00e4ste-Infos | Valverde Glamping &amp; Ecolodge","isPartOf":{"@id":"https:\/\/valverdetortuguero.com\/de\/#website"},"datePublished":"2025-07-22T16:08:30+00:00","dateModified":"2025-08-08T21:27:01+00:00","breadcrumb":{"@id":"https:\/\/valverdetortuguero.com\/de\/gaeste-infos\/#breadcrumb"},"inLanguage":"de","potentialAction":[{"@type":"ReadAction","target":["https:\/\/valverdetortuguero.com\/de\/gaeste-infos\/"]}]},{"@type":"BreadcrumbList","@id":"https:\/\/valverdetortuguero.com\/de\/gaeste-infos\/#breadcrumb","itemListElement":[{"@type":"ListItem","position":1,"name":"Portada","item":"https:\/\/valverdetortuguero.com\/de\/"},{"@type":"ListItem","position":2,"name":"G\u00e4ste-Infos"}]},{"@type":"WebSite","@id":"https:\/\/valverdetortuguero.com\/de\/#website","url":"https:\/\/valverdetortuguero.com\/de\/","name":"Valverde Glamping & Ecolodge","description":"Where Comfort and Nature Unite in the Heart of Tortuguero.","publisher":{"@id":"https:\/\/valverdetortuguero.com\/de\/#organization"},"alternateName":"Valverde Tortuguero","potentialAction":[{"@type":"SearchAction","target":{"@type":"EntryPoint","urlTemplate":"https:\/\/valverdetortuguero.com\/de\/?s={search_term_string}"},"query-input":{"@type":"PropertyValueSpecification","valueRequired":true,"valueName":"search_term_string"}}],"inLanguage":"de"},{"@type":"Organization","@id":"https:\/\/valverdetortuguero.com\/de\/#organization","name":"Valverde Glamping &amp; Ecolodge","alternateName":"Valverde Tortuguero","url":"https:\/\/valverdetortuguero.com\/de\/","logo":{"@type":"ImageObject","inLanguage":"de","@id":"https:\/\/valverdetortuguero.com\/de\/#\/schema\/logo\/image\/","url":"https:\/\/valverdetortuguero.com\/wp-content\/uploads\/2024\/12\/Flor-500x500-1.jpg","contentUrl":"https:\/\/valverdetortuguero.com\/wp-content\/uploads\/2024\/12\/Flor-500x500-1.jpg","width":511,"height":512,"caption":"Valverde Glamping &amp; Ecolodge"},"image":{"@id":"https:\/\/valverdetortuguero.com\/de\/#\/schema\/logo\/image\/"},"sameAs":["https:\/\/www.facebook.com\/valverdetortuguero","https:\/\/www.instagram.com\/valverdetortuguero"]}]}},"uagb_featured_image_src":{"full":false,"thumbnail":false,"medium":false,"medium_large":false,"large":false,"1536x1536":false,"2048x2048":false},"uagb_author_info":{"display_name":"kayvalverde@gmail.com","author_link":"https:\/\/valverdetortuguero.com\/de\/author\/kayvalverdegmail-com\/"},"uagb_comment_info":0,"uagb_excerpt":"Anreise nach Tortuguero Vielen Dank, dass Sie sich f\u00fcr einen Aufenthalt bei uns im Valverde Glamping &amp; Ecolodge entschieden haben [&hellip;]","_links":{"self":[{"href":"https:\/\/valverdetortuguero.com\/de\/wp-json\/wp\/v2\/pages\/4604","targetHints":{"allow":["GET"]}}],"collection":[{"href":"https:\/\/valverdetortuguero.com\/de\/wp-json\/wp\/v2\/pages"}],"about":[{"href":"https:\/\/valverdetortuguero.com\/de\/wp-json\/wp\/v2\/types\/page"}],"author":[{"embeddable":true,"href":"https:\/\/valverdetortuguero.com\/de\/wp-json\/wp\/v2\/users\/1"}],"replies":[{"embeddable":true,"href":"https:\/\/valverdetortuguero.com\/de\/wp-json\/wp\/v2\/comments?post=4604"}],"version-history":[{"count":4,"href":"https:\/\/valverdetortuguero.com\/de\/wp-json\/wp\/v2\/pages\/4604\/revisions"}],"predecessor-version":[{"id":4658,"href":"https:\/\/valverdetortuguero.com\/de\/wp-json\/wp\/v2\/pages\/4604\/revisions\/4658"}],"wp:attachment":[{"href":"https:\/\/valverdetortuguero.com\/de\/wp-json\/wp\/v2\/media?parent=4604"}],"curies":[{"name":"wp","href":"https:\/\/api.w.org\/{rel}","templated":true}]}}