{"id":3434,"date":"2024-11-16T04:10:05","date_gmt":"2024-11-16T04:10:05","guid":{"rendered":"https:\/\/valverdetortuguero.com\/standort\/"},"modified":"2025-05-24T01:06:54","modified_gmt":"2025-05-24T01:06:54","slug":"standort","status":"publish","type":"page","link":"https:\/\/valverdetortuguero.com\/de\/standort\/","title":{"rendered":"Standort"},"content":{"rendered":"\n<div class=\"wp-block-uagb-container uagb-block-2826c8cd alignfull uagb-is-root-container\"><div class=\"uagb-container-inner-blocks-wrap\">\n<header class=\"wp-block-uagb-advanced-heading uagb-block-663cf24b\"><h2 class=\"uagb-heading-text\">Wie man nach Tortuguero kommt<\/h2><\/header>\n<\/div><\/div>\n\n<div class=\"wp-block-uagb-container uagb-block-4f7f447f alignfull uagb-is-root-container\"><div class=\"uagb-container-inner-blocks-wrap\">\n<div class=\"wp-block-uagb-container uagb-block-c1fa6590\"><\/div>\n<\/div><\/div>\n\n<div class=\"wp-block-group is-layout-constrained wp-block-group-is-layout-constrained\">\n<div class=\"wp-block-uagb-container uagb-block-e078d5f5 alignfull uagb-is-root-container\"><div class=\"uagb-container-inner-blocks-wrap\">\n<div class=\"wp-block-uagb-call-to-action uagb-block-22fa052b wp-block-button\"><div class=\"uagb-cta__wrap\"><h3 class=\"uagb-cta__title\">1- Mit Auto &amp; Boot<\/h3><p class=\"uagb-cta__desc\">Die beliebteste Route nach Tortuguero f\u00fchrt \u00fcber die Stra\u00dfe und per Boot. Sie k\u00f6nnen von San Jos\u00e9 oder anderen Gro\u00dfst\u00e4dten nach <strong>La Pavona<\/strong> fahren, einer kleinen Anlegestelle, die etwa 2 Stunden nord\u00f6stlich von San Jos\u00e9 liegt. Von La Pavona aus gehen Sie an Bord eines Bootes f\u00fcr eine malerische Fahrt durch die Kan\u00e4le, die etwa 1,5 bis 2 Stunden dauert, um Tortuguero zu erreichen. Diese Route bietet ein intensives Erlebnis des Regenwaldes und seiner Tierwelt entlang des Weges.<\/p><\/div><div class=\"uagb-cta__buttons\"><a href=\"https:\/\/book.peek.com\/s\/0de9be3e-e573-4559-8890-756e5fa8648a\/y0OXW\" class=\"uagb-cta__button-link-wrapper wp-block-button__link\" target=\"_blank\" rel=\"noopener noreferrer\">Buch TRANSPORTATION<svg xmlns=\"https:\/\/www.w3.org\/2000\/svg\" viewbox=\"0 0 512 512\"><path d=\"M504.3 273.6l-112.1 104c-6.992 6.484-17.18 8.218-25.94 4.406c-8.758-3.812-14.42-12.45-14.42-21.1L351.9 288H32C14.33 288 .0002 273.7 .0002 255.1S14.33 224 32 224h319.9l0-72c0-9.547 5.66-18.19 14.42-22c8.754-3.809 18.95-2.075 25.94 4.41l112.1 104C514.6 247.9 514.6 264.1 504.3 273.6z\"><\/path><\/svg><\/a><\/div><\/div>\n\n\n\t\t\t<div \n\t\t\tclass=\"wp-block-uagb-google-map uagb-google-map__wrap uagb-block-50b6e955     \"\n\t\t\tstyle=\"\" >\n\t\t\t\t<embed\n\t\t\t\t\tclass=\"uagb-google-map__iframe\"\n\t\t\t\t\ttitle=\"Google Map for \"\n\t\t\t\t\tsrc=\"https:\/\/maps.google.com\/maps?q=Embarcadero%20la%20Pavona%2C%20Lim%C3%B3n%2C%20Cariari%2C%2070205&#038;z=10&#038;hl=en&#038;t=m&#038;output=embed&#038;iwloc=near\"\n\t\t\t\t\twidth=\"640\"\n\t\t\t\t\theight=\"500\"\n\t\t\t\t\tloading=\"lazy\"\n\t\t\t\t><\/embed>\n\t\t\t<\/div>\n\t\t\t<\/div><\/div>\n\n\n\n<div class=\"wp-block-uagb-call-to-action uagb-block-35d39440 wp-block-button\"><div class=\"uagb-cta__wrap\"><h3 class=\"uagb-cta__title\">So erreichen Sie die Anlegestelle La Pavona<\/h3><p class=\"uagb-cta__desc\">Verwenden Sie den folgenden Link, um auf Google Maps eine Wegbeschreibung zum La Pavona-Pier zu erhalten.<\/p><\/div><div class=\"uagb-cta__buttons\"><a href=\"https:\/\/maps.app.goo.gl\/tgHY1MBM9m6dRxwt5\" class=\"uagb-cta__button-link-wrapper wp-block-button__link\" target=\"_blank\" rel=\"noopener noreferrer\">Gehen Sie zu la pavona<\/a><\/div><\/div>\n\n\n\n<div class=\"wp-block-uagb-image uagb-block-0be3bab6 wp-block-uagb-image--layout-default wp-block-uagb-image--effect-static wp-block-uagb-image--align-none\"><figure class=\"wp-block-uagb-image__figure\"><img decoding=\"async\" srcset=\"https:\/\/valverdetortuguero.com\/wp-content\/uploads\/2024\/11\/Muelle-La-Pavona-1024x427.jpg ,https:\/\/valverdetortuguero.com\/wp-content\/uploads\/2024\/11\/Muelle-La-Pavona.jpg 780w, https:\/\/valverdetortuguero.com\/wp-content\/uploads\/2024\/11\/Muelle-La-Pavona.jpg 360w\" sizes=\"auto, (max-width: 480px) 150px\" src=\"https:\/\/valverdetortuguero.com\/wp-content\/uploads\/2024\/11\/Muelle-La-Pavona-1024x427.jpg\" alt=\"La Pavona Anlegestelle\" class=\"uag-image-2322\" width=\"1920\" height=\"800\" title=\"Muelle La Pavona\" loading=\"lazy\" role=\"img\"><\/figure><\/div>\n\n\n\n<div class=\"wp-block-uagb-call-to-action uagb-block-05dff02c wp-block-button\"><div class=\"uagb-cta__wrap\"><h3 class=\"uagb-cta__title\">Boot Zeitplan<\/h3><p class=\"uagb-cta__desc\">Die Bootsabfahrten von La Pavona zum Hauptanleger der Lodge sind zu folgenden Zeiten geplant: 9:00 Uhr, 11:00 Uhr, 12:45 Uhr, 15:00 Uhr und 16:00 Uhr.  <br\/><br\/>Wir empfehlen Ihnen dringend, Ihre Bootstickets im Voraus \u00fcber unsere Website zu kaufen, um die Verf\u00fcgbarkeit sicherzustellen, insbesondere w\u00e4hrend der Hochsaison. Wenn Sie im Voraus buchen, k\u00f6nnen Sie sich Ihren Wunschtermin sichern und Verz\u00f6gerungen vermeiden. Die Bootsfahrt bringt Sie direkt zum Hauptanleger der Lodge, wo unser Team Sie bereits erwartet.<\/p><\/div><div class=\"uagb-cta__buttons\"><a href=\"https:\/\/book.peek.com\/s\/0de9be3e-e573-4559-8890-756e5fa8648a\/y0OXW\" class=\"uagb-cta__button-link-wrapper wp-block-button__link\" target=\"_blank\" rel=\"noopener noreferrer\">bUY Schiffstickets<svg xmlns=\"https:\/\/www.w3.org\/2000\/svg\" viewbox=\"0 0 512 512\"><path d=\"M504.3 273.6l-112.1 104c-6.992 6.484-17.18 8.218-25.94 4.406c-8.758-3.812-14.42-12.45-14.42-21.1L351.9 288H32C14.33 288 .0002 273.7 .0002 255.1S14.33 224 32 224h319.9l0-72c0-9.547 5.66-18.19 14.42-22c8.754-3.809 18.95-2.075 25.94 4.41l112.1 104C514.6 247.9 514.6 264.1 504.3 273.6z\"><\/path><\/svg><\/a><\/div><\/div>\n\n\n\n<div class=\"wp-block-uagb-call-to-action uagb-block-c1b866f3 wp-block-button\"><div class=\"uagb-cta__wrap\"><h3 class=\"uagb-cta__title\">2- Mit dem Kleinflugzeug<\/h3><p class=\"uagb-cta__desc\">Eine schnellere und landschaftlich reizvollere Option ist es, ein kleines Flugzeug vom <strong>internationalen Flughafen Juan Santamar\u00eda<\/strong> (San Jos\u00e9) zum <strong>Flughafen Tortuguero<\/strong> zu nehmen. Der Flug bietet atemberaubende Luftaufnahmen der \u00fcppigen Landschaften Costa Ricas und der karibischen K\u00fcste. Der Flug dauert etwa 30 Minuten und ist eine direkte und bequeme Option f\u00fcr diejenigen, die wenig Zeit haben oder ein unvergessliches Reiseerlebnis suchen.<br\/>Beide Optionen bieten eine unvergessliche M\u00f6glichkeit, Tortuguero zu erreichen, jede mit ihrem eigenen Charme und M\u00f6glichkeiten, die nat\u00fcrliche Sch\u00f6nheit Costa Ricas zu entdecken.<br\/><strong>Buchen Sie Ihren Flug nach Tortuguero!<\/strong><br\/>Sind Sie bereit f\u00fcr ein unvergessliches Abenteuer? Klicken Sie auf die Schaltfl\u00e4che, um Ihren Rundflug von San Jos\u00e9 zum Flughafen Tortuguero zu buchen. Genie\u00dfen Sie atemberaubende Ausblicke auf die Landschaften Costa Ricas, w\u00e4hrend Sie direkt zu Ihrem Ziel fliegen.<br\/>Sobald Sie Ihre Buchung vorgenommen haben, senden Sie uns bitte Ihre Flugdaten, damit wir die Abholung am Flughafen Tortuguero arrangieren k\u00f6nnen. Wir freuen uns darauf, Sie willkommen zu hei\u00dfen und Ihnen eine reibungslose und denkw\u00fcrdige Ankunft zu erm\u00f6glichen!<\/p><\/div><div class=\"uagb-cta__buttons\"><a href=\"https:\/\/flysansa.com\" class=\"uagb-cta__button-link-wrapper wp-block-button__link\" target=\"_blank\" rel=\"noopener noreferrer\">Buchen Sie IHREN Flug<svg xmlns=\"https:\/\/www.w3.org\/2000\/svg\" viewbox=\"0 0 512 512\"><path d=\"M504.3 273.6l-112.1 104c-6.992 6.484-17.18 8.218-25.94 4.406c-8.758-3.812-14.42-12.45-14.42-21.1L351.9 288H32C14.33 288 .0002 273.7 .0002 255.1S14.33 224 32 224h319.9l0-72c0-9.547 5.66-18.19 14.42-22c8.754-3.809 18.95-2.075 25.94 4.41l112.1 104C514.6 247.9 514.6 264.1 504.3 273.6z\"><\/path><\/svg><\/a><\/div><\/div>\n<\/div>\n\n<div class=\"wp-block-uagb-container uagb-block-0bdbf01c alignfull uagb-is-root-container\"><div class=\"uagb-container-inner-blocks-wrap\">\n<div style=\"height:100px\" aria-hidden=\"true\" class=\"wp-block-spacer\"><\/div>\n<\/div><\/div>\n\n<p><\/p>\n","protected":false},"excerpt":{"rendered":"<p>Wie man nach Tortuguero kommt<\/p>\n","protected":false},"author":1,"featured_media":3307,"parent":0,"menu_order":0,"comment_status":"closed","ping_status":"closed","template":"","meta":{"_uag_custom_page_level_css":"","site-sidebar-layout":"no-sidebar","site-content-layout":"plain-container","ast-site-content-layout":"normal-width-container","site-content-style":"unboxed","site-sidebar-style":"unboxed","ast-global-header-display":"","ast-banner-title-visibility":"","ast-main-header-display":"","ast-hfb-above-header-display":"","ast-hfb-below-header-display":"","ast-hfb-mobile-header-display":"","site-post-title":"disabled","ast-breadcrumbs-content":"","ast-featured-img":"disabled","footer-sml-layout":"","ast-disable-related-posts":"","theme-transparent-header-meta":"enabled","adv-header-id-meta":"","stick-header-meta":"","header-above-stick-meta":"","header-main-stick-meta":"","header-below-stick-meta":"","astra-migrate-meta-layouts":"einstellen.","ast-page-background-enabled":"default","ast-page-background-meta":{"desktop":{"background-color":"var(--ast-global-color-4)","background-image":"","background-repeat":"repeat","background-position":"center center","background-size":"auto","background-attachment":"scroll","background-type":"","background-media":"","overlay-type":"","overlay-color":"","overlay-opacity":"","overlay-gradient":""},"tablet":{"background-color":"","background-image":"","background-repeat":"repeat","background-position":"center center","background-size":"auto","background-attachment":"scroll","background-type":"","background-media":"","overlay-type":"","overlay-color":"","overlay-opacity":"","overlay-gradient":""},"mobile":{"background-color":"","background-image":"","background-repeat":"repeat","background-position":"center center","background-size":"auto","background-attachment":"scroll","background-type":"","background-media":"","overlay-type":"","overlay-color":"","overlay-opacity":"","overlay-gradient":""}},"ast-content-background-meta":{"desktop":{"background-color":"var(--ast-global-color-5)","background-image":"","background-repeat":"repeat","background-position":"center center","background-size":"auto","background-attachment":"scroll","background-type":"","background-media":"","overlay-type":"","overlay-color":"","overlay-opacity":"","overlay-gradient":""},"tablet":{"background-color":"var(--ast-global-color-5)","background-image":"","background-repeat":"repeat","background-position":"center center","background-size":"auto","background-attachment":"scroll","background-type":"","background-media":"","overlay-type":"","overlay-color":"","overlay-opacity":"","overlay-gradient":""},"mobile":{"background-color":"var(--ast-global-color-5)","background-image":"","background-repeat":"repeat","background-position":"center center","background-size":"auto","background-attachment":"scroll","background-type":"","background-media":"","overlay-type":"","overlay-color":"","overlay-opacity":"","overlay-gradient":""}},"footnotes":""},"class_list":["post-3434","page","type-page","status-publish","has-post-thumbnail","hentry"],"yoast_head":"<!-- This site is optimized with the Yoast SEO plugin v27.4 - https:\/\/yoast.com\/product\/yoast-seo-wordpress\/ -->\n<title>Wie man nach Tortuguero kommt<\/title>\n<meta name=\"description\" content=\"Erfahren Sie, wie Sie Tortuguero erreichen und die nat\u00fcrliche Sch\u00f6nheit rund um Valverde Glamping &amp; Ecolodge erkunden k\u00f6nnen. Buchen Sie hier Ihre Tickets f\u00fcr \u00f6ffentliche Boote.\" \/>\n<meta name=\"robots\" content=\"index, follow, max-snippet:-1, max-image-preview:large, max-video-preview:-1\" \/>\n<link rel=\"canonical\" href=\"https:\/\/valverdetortuguero.com\/de\/standort\/\" \/>\n<meta property=\"og:locale\" content=\"de_DE\" \/>\n<meta property=\"og:type\" content=\"article\" \/>\n<meta property=\"og:title\" content=\"Wie man nach Tortuguero kommt\" \/>\n<meta property=\"og:description\" content=\"Erfahren Sie, wie Sie Tortuguero erreichen und die nat\u00fcrliche Sch\u00f6nheit rund um Valverde Glamping &amp; Ecolodge erkunden k\u00f6nnen. Buchen Sie hier Ihre Tickets f\u00fcr \u00f6ffentliche Boote.\" \/>\n<meta property=\"og:url\" content=\"https:\/\/valverdetortuguero.com\/de\/standort\/\" \/>\n<meta property=\"og:site_name\" content=\"Valverde Glamping &amp; Ecolodge\" \/>\n<meta property=\"article:publisher\" content=\"https:\/\/www.facebook.com\/valverdetortuguero\" \/>\n<meta property=\"article:modified_time\" content=\"2025-05-24T01:06:54+00:00\" \/>\n<meta property=\"og:image\" content=\"https:\/\/valverdetortuguero.com\/wp-content\/uploads\/2024\/11\/Pueblo-Tortuguero-.jpg\" \/>\n\t<meta property=\"og:image:width\" content=\"1920\" \/>\n\t<meta property=\"og:image:height\" content=\"800\" \/>\n\t<meta property=\"og:image:type\" content=\"image\/jpeg\" \/>\n<meta name=\"twitter:card\" content=\"summary_large_image\" \/>\n<meta name=\"twitter:label1\" content=\"Gesch\u00e4tzte Lesezeit\" \/>\n\t<meta name=\"twitter:data1\" content=\"2 Minuten\" \/>\n<script type=\"application\/ld+json\" class=\"yoast-schema-graph\">{\"@context\":\"https:\\\/\\\/schema.org\",\"@graph\":[{\"@type\":\"WebPage\",\"@id\":\"https:\\\/\\\/valverdetortuguero.com\\\/de\\\/standort\\\/\",\"url\":\"https:\\\/\\\/valverdetortuguero.com\\\/de\\\/standort\\\/\",\"name\":\"Wie man nach Tortuguero kommt\",\"isPartOf\":{\"@id\":\"https:\\\/\\\/valverdetortuguero.com\\\/de\\\/#website\"},\"primaryImageOfPage\":{\"@id\":\"https:\\\/\\\/valverdetortuguero.com\\\/de\\\/standort\\\/#primaryimage\"},\"image\":{\"@id\":\"https:\\\/\\\/valverdetortuguero.com\\\/de\\\/standort\\\/#primaryimage\"},\"thumbnailUrl\":\"https:\\\/\\\/valverdetortuguero.com\\\/wp-content\\\/uploads\\\/2024\\\/11\\\/Pueblo-Tortuguero-.jpg\",\"datePublished\":\"2024-11-16T04:10:05+00:00\",\"dateModified\":\"2025-05-24T01:06:54+00:00\",\"description\":\"Erfahren Sie, wie Sie Tortuguero erreichen und die nat\u00fcrliche Sch\u00f6nheit rund um Valverde Glamping & Ecolodge erkunden k\u00f6nnen. Buchen Sie hier Ihre Tickets f\u00fcr \u00f6ffentliche Boote.\",\"breadcrumb\":{\"@id\":\"https:\\\/\\\/valverdetortuguero.com\\\/de\\\/standort\\\/#breadcrumb\"},\"inLanguage\":\"de\",\"potentialAction\":[{\"@type\":\"ReadAction\",\"target\":[\"https:\\\/\\\/valverdetortuguero.com\\\/de\\\/standort\\\/\"]}]},{\"@type\":\"ImageObject\",\"inLanguage\":\"de\",\"@id\":\"https:\\\/\\\/valverdetortuguero.com\\\/de\\\/standort\\\/#primaryimage\",\"url\":\"https:\\\/\\\/valverdetortuguero.com\\\/wp-content\\\/uploads\\\/2024\\\/11\\\/Pueblo-Tortuguero-.jpg\",\"contentUrl\":\"https:\\\/\\\/valverdetortuguero.com\\\/wp-content\\\/uploads\\\/2024\\\/11\\\/Pueblo-Tortuguero-.jpg\",\"width\":1920,\"height\":800},{\"@type\":\"BreadcrumbList\",\"@id\":\"https:\\\/\\\/valverdetortuguero.com\\\/de\\\/standort\\\/#breadcrumb\",\"itemListElement\":[{\"@type\":\"ListItem\",\"position\":1,\"name\":\"Portada\",\"item\":\"https:\\\/\\\/valverdetortuguero.com\\\/de\\\/\"},{\"@type\":\"ListItem\",\"position\":2,\"name\":\"Standort\"}]},{\"@type\":\"WebSite\",\"@id\":\"https:\\\/\\\/valverdetortuguero.com\\\/de\\\/#website\",\"url\":\"https:\\\/\\\/valverdetortuguero.com\\\/de\\\/\",\"name\":\"Valverde Glamping & Ecolodge\",\"description\":\"Where Comfort and Nature Unite in the Heart of Tortuguero.\",\"publisher\":{\"@id\":\"https:\\\/\\\/valverdetortuguero.com\\\/de\\\/#organization\"},\"alternateName\":\"Valverde Tortuguero\",\"potentialAction\":[{\"@type\":\"SearchAction\",\"target\":{\"@type\":\"EntryPoint\",\"urlTemplate\":\"https:\\\/\\\/valverdetortuguero.com\\\/de\\\/?s={search_term_string}\"},\"query-input\":{\"@type\":\"PropertyValueSpecification\",\"valueRequired\":true,\"valueName\":\"search_term_string\"}}],\"inLanguage\":\"de\"},{\"@type\":\"Organization\",\"@id\":\"https:\\\/\\\/valverdetortuguero.com\\\/de\\\/#organization\",\"name\":\"Valverde Glamping &amp; Ecolodge\",\"alternateName\":\"Valverde Tortuguero\",\"url\":\"https:\\\/\\\/valverdetortuguero.com\\\/de\\\/\",\"logo\":{\"@type\":\"ImageObject\",\"inLanguage\":\"de\",\"@id\":\"https:\\\/\\\/valverdetortuguero.com\\\/de\\\/#\\\/schema\\\/logo\\\/image\\\/\",\"url\":\"https:\\\/\\\/valverdetortuguero.com\\\/wp-content\\\/uploads\\\/2024\\\/12\\\/Flor-500x500-1.jpg\",\"contentUrl\":\"https:\\\/\\\/valverdetortuguero.com\\\/wp-content\\\/uploads\\\/2024\\\/12\\\/Flor-500x500-1.jpg\",\"width\":511,\"height\":512,\"caption\":\"Valverde Glamping &amp; Ecolodge\"},\"image\":{\"@id\":\"https:\\\/\\\/valverdetortuguero.com\\\/de\\\/#\\\/schema\\\/logo\\\/image\\\/\"},\"sameAs\":[\"https:\\\/\\\/www.facebook.com\\\/valverdetortuguero\",\"https:\\\/\\\/www.instagram.com\\\/valverdetortuguero\"]}]}<\/script>\n<!-- \/ Yoast SEO plugin. -->","yoast_head_json":{"title":"Wie man nach Tortuguero kommt","description":"Erfahren Sie, wie Sie Tortuguero erreichen und die nat\u00fcrliche Sch\u00f6nheit rund um Valverde Glamping & Ecolodge erkunden k\u00f6nnen. Buchen Sie hier Ihre Tickets f\u00fcr \u00f6ffentliche Boote.","robots":{"index":"index","follow":"follow","max-snippet":"max-snippet:-1","max-image-preview":"max-image-preview:large","max-video-preview":"max-video-preview:-1"},"canonical":"https:\/\/valverdetortuguero.com\/de\/standort\/","og_locale":"de_DE","og_type":"article","og_title":"Wie man nach Tortuguero kommt","og_description":"Erfahren Sie, wie Sie Tortuguero erreichen und die nat\u00fcrliche Sch\u00f6nheit rund um Valverde Glamping & Ecolodge erkunden k\u00f6nnen. Buchen Sie hier Ihre Tickets f\u00fcr \u00f6ffentliche Boote.","og_url":"https:\/\/valverdetortuguero.com\/de\/standort\/","og_site_name":"Valverde Glamping &amp; Ecolodge","article_publisher":"https:\/\/www.facebook.com\/valverdetortuguero","article_modified_time":"2025-05-24T01:06:54+00:00","og_image":[{"width":1920,"height":800,"url":"https:\/\/valverdetortuguero.com\/wp-content\/uploads\/2024\/11\/Pueblo-Tortuguero-.jpg","type":"image\/jpeg"}],"twitter_card":"summary_large_image","twitter_misc":{"Gesch\u00e4tzte Lesezeit":"2 Minuten"},"schema":{"@context":"https:\/\/schema.org","@graph":[{"@type":"WebPage","@id":"https:\/\/valverdetortuguero.com\/de\/standort\/","url":"https:\/\/valverdetortuguero.com\/de\/standort\/","name":"Wie man nach Tortuguero kommt","isPartOf":{"@id":"https:\/\/valverdetortuguero.com\/de\/#website"},"primaryImageOfPage":{"@id":"https:\/\/valverdetortuguero.com\/de\/standort\/#primaryimage"},"image":{"@id":"https:\/\/valverdetortuguero.com\/de\/standort\/#primaryimage"},"thumbnailUrl":"https:\/\/valverdetortuguero.com\/wp-content\/uploads\/2024\/11\/Pueblo-Tortuguero-.jpg","datePublished":"2024-11-16T04:10:05+00:00","dateModified":"2025-05-24T01:06:54+00:00","description":"Erfahren Sie, wie Sie Tortuguero erreichen und die nat\u00fcrliche Sch\u00f6nheit rund um Valverde Glamping & Ecolodge erkunden k\u00f6nnen. Buchen Sie hier Ihre Tickets f\u00fcr \u00f6ffentliche Boote.","breadcrumb":{"@id":"https:\/\/valverdetortuguero.com\/de\/standort\/#breadcrumb"},"inLanguage":"de","potentialAction":[{"@type":"ReadAction","target":["https:\/\/valverdetortuguero.com\/de\/standort\/"]}]},{"@type":"ImageObject","inLanguage":"de","@id":"https:\/\/valverdetortuguero.com\/de\/standort\/#primaryimage","url":"https:\/\/valverdetortuguero.com\/wp-content\/uploads\/2024\/11\/Pueblo-Tortuguero-.jpg","contentUrl":"https:\/\/valverdetortuguero.com\/wp-content\/uploads\/2024\/11\/Pueblo-Tortuguero-.jpg","width":1920,"height":800},{"@type":"BreadcrumbList","@id":"https:\/\/valverdetortuguero.com\/de\/standort\/#breadcrumb","itemListElement":[{"@type":"ListItem","position":1,"name":"Portada","item":"https:\/\/valverdetortuguero.com\/de\/"},{"@type":"ListItem","position":2,"name":"Standort"}]},{"@type":"WebSite","@id":"https:\/\/valverdetortuguero.com\/de\/#website","url":"https:\/\/valverdetortuguero.com\/de\/","name":"Valverde Glamping & Ecolodge","description":"Where Comfort and Nature Unite in the Heart of Tortuguero.","publisher":{"@id":"https:\/\/valverdetortuguero.com\/de\/#organization"},"alternateName":"Valverde Tortuguero","potentialAction":[{"@type":"SearchAction","target":{"@type":"EntryPoint","urlTemplate":"https:\/\/valverdetortuguero.com\/de\/?s={search_term_string}"},"query-input":{"@type":"PropertyValueSpecification","valueRequired":true,"valueName":"search_term_string"}}],"inLanguage":"de"},{"@type":"Organization","@id":"https:\/\/valverdetortuguero.com\/de\/#organization","name":"Valverde Glamping &amp; Ecolodge","alternateName":"Valverde Tortuguero","url":"https:\/\/valverdetortuguero.com\/de\/","logo":{"@type":"ImageObject","inLanguage":"de","@id":"https:\/\/valverdetortuguero.com\/de\/#\/schema\/logo\/image\/","url":"https:\/\/valverdetortuguero.com\/wp-content\/uploads\/2024\/12\/Flor-500x500-1.jpg","contentUrl":"https:\/\/valverdetortuguero.com\/wp-content\/uploads\/2024\/12\/Flor-500x500-1.jpg","width":511,"height":512,"caption":"Valverde Glamping &amp; Ecolodge"},"image":{"@id":"https:\/\/valverdetortuguero.com\/de\/#\/schema\/logo\/image\/"},"sameAs":["https:\/\/www.facebook.com\/valverdetortuguero","https:\/\/www.instagram.com\/valverdetortuguero"]}]}},"uagb_featured_image_src":{"full":["https:\/\/valverdetortuguero.com\/wp-content\/uploads\/2024\/11\/Pueblo-Tortuguero-.jpg",1920,800,false],"thumbnail":["https:\/\/valverdetortuguero.com\/wp-content\/uploads\/2024\/11\/Pueblo-Tortuguero--150x150.jpg",150,150,true],"medium":["https:\/\/valverdetortuguero.com\/wp-content\/uploads\/2024\/11\/Pueblo-Tortuguero--300x125.jpg",300,125,true],"medium_large":["https:\/\/valverdetortuguero.com\/wp-content\/uploads\/2024\/11\/Pueblo-Tortuguero--768x320.jpg",768,320,true],"large":["https:\/\/valverdetortuguero.com\/wp-content\/uploads\/2024\/11\/Pueblo-Tortuguero--1024x427.jpg",1024,427,true],"1536x1536":["https:\/\/valverdetortuguero.com\/wp-content\/uploads\/2024\/11\/Pueblo-Tortuguero--1536x640.jpg",1536,640,true],"2048x2048":["https:\/\/valverdetortuguero.com\/wp-content\/uploads\/2024\/11\/Pueblo-Tortuguero-.jpg",1920,800,false]},"uagb_author_info":{"display_name":"kayvalverde@gmail.com","author_link":"https:\/\/valverdetortuguero.com\/de\/author\/kayvalverdegmail-com\/"},"uagb_comment_info":0,"uagb_excerpt":"Wie man nach Tortuguero kommt","_links":{"self":[{"href":"https:\/\/valverdetortuguero.com\/de\/wp-json\/wp\/v2\/pages\/3434","targetHints":{"allow":["GET"]}}],"collection":[{"href":"https:\/\/valverdetortuguero.com\/de\/wp-json\/wp\/v2\/pages"}],"about":[{"href":"https:\/\/valverdetortuguero.com\/de\/wp-json\/wp\/v2\/types\/page"}],"author":[{"embeddable":true,"href":"https:\/\/valverdetortuguero.com\/de\/wp-json\/wp\/v2\/users\/1"}],"replies":[{"embeddable":true,"href":"https:\/\/valverdetortuguero.com\/de\/wp-json\/wp\/v2\/comments?post=3434"}],"version-history":[{"count":14,"href":"https:\/\/valverdetortuguero.com\/de\/wp-json\/wp\/v2\/pages\/3434\/revisions"}],"predecessor-version":[{"id":3913,"href":"https:\/\/valverdetortuguero.com\/de\/wp-json\/wp\/v2\/pages\/3434\/revisions\/3913"}],"wp:featuredmedia":[{"embeddable":true,"href":"https:\/\/valverdetortuguero.com\/de\/wp-json\/wp\/v2\/media\/3307"}],"wp:attachment":[{"href":"https:\/\/valverdetortuguero.com\/de\/wp-json\/wp\/v2\/media?parent=3434"}],"curies":[{"name":"wp","href":"https:\/\/api.w.org\/{rel}","templated":true}]}}